




{"id":2548,"date":"2019-06-11T09:41:36","date_gmt":"2019-06-11T09:41:36","guid":{"rendered":"https:\/\/xn--blsesjn-5wa1o.com\/home\/"},"modified":"2024-09-26T15:21:45","modified_gmt":"2024-09-26T15:21:45","slug":"home","status":"publish","type":"page","link":"https:\/\/xn--blsesjn-5wa1o.com\/en\/","title":{"rendered":"Home"},"content":{"rendered":"\n<div class=\"wp-block-getwid-section alignfull slider-home alignfull getwid-section-content-full-width\" style=\"margin-top:0px;margin-bottom:0px\"><div class=\"wp-block-getwid-section__wrapper\" style=\"padding-top:0px;padding-bottom:0px\"><div class=\"wp-block-getwid-section__inner-wrapper\"><div class=\"wp-block-getwid-section__background-holder\"><div class=\"wp-block-getwid-section__background\"><\/div><div class=\"wp-block-getwid-section__foreground\"><\/div><\/div><div class=\"wp-block-getwid-section__content\"><div class=\"wp-block-getwid-section__inner-content\">\n<div class=\"wp-block-getwid-images-slider has-arrows-inside has-dots-inside has-images-center has-cropped-images\"><div class=\"wp-block-getwid-images-slider__wrapper\" data-effect=\"slide\" data-slides-show=\"1\" data-slides-show-laptop=\"1\" data-slides-show-tablet=\"1\" data-slides-show-mobile=\"1\" data-slides-scroll=\"1\" data-autoplay=\"false\" data-pause-hover=\"false\" data-autoplay-speed=\"6000\" data-infinite=\"true\" data-animation-speed=\"800\" data-center-mode=\"false\" data-variable-width=\"false\" data-arrows=\"inside\" data-dots=\"inside\" data-spacing=\"none\"><div class=\"wp-block-getwid-images-slider__item\"><figure><img loading=\"lazy\" decoding=\"async\" width=\"2560\" height=\"958\" src=\"https:\/\/xn--blsesjn-5wa1o.com\/wp-content\/uploads\/2020\/07\/52-1-scaled.jpg\" data-id=\"1948\" data-link=\"https:\/\/xn--blsesjn-5wa1o.com\/accommodation\/ferienhaus-in-kilafors-am-see\/52-2\/\" data-original-link=\"https:\/\/xn--blsesjn-5wa1o.com\/wp-content\/uploads\/2020\/07\/52-1-scaled.jpg\" class=\"wp-block-getwid-images-slider__image wp-image-1948\" srcset=\"https:\/\/xn--blsesjn-5wa1o.com\/wp-content\/uploads\/2020\/07\/52-1-scaled.jpg 2560w, https:\/\/xn--blsesjn-5wa1o.com\/wp-content\/uploads\/2020\/07\/52-1-300x112.jpg 300w, https:\/\/xn--blsesjn-5wa1o.com\/wp-content\/uploads\/2020\/07\/52-1-1024x383.jpg 1024w, https:\/\/xn--blsesjn-5wa1o.com\/wp-content\/uploads\/2020\/07\/52-1-768x287.jpg 768w, https:\/\/xn--blsesjn-5wa1o.com\/wp-content\/uploads\/2020\/07\/52-1-1536x575.jpg 1536w, https:\/\/xn--blsesjn-5wa1o.com\/wp-content\/uploads\/2020\/07\/52-1-2048x766.jpg 2048w, https:\/\/xn--blsesjn-5wa1o.com\/wp-content\/uploads\/2020\/07\/52-1-1170x438.jpg 1170w\" sizes=\"auto, (max-width: 2560px) 100vw, 2560px\" \/><\/figure><\/div><\/div><\/div>\n<\/div><\/div><\/div><\/div><\/div>\n\n\n\n<div class=\"wp-block-getwid-section alignfull alignfull getwid-section-content-full-width\" style=\"margin-top:0px\"><div class=\"wp-block-getwid-section__wrapper\" style=\"padding-top:42px\"><div class=\"wp-block-getwid-section__inner-wrapper\"><div class=\"wp-block-getwid-section__background-holder\"><div class=\"wp-block-getwid-section__background has-background has-gold-background-color\"><\/div><div class=\"wp-block-getwid-section__foreground\"><\/div><\/div><div class=\"wp-block-getwid-section__content\"><div class=\"wp-block-getwid-section__inner-content\"><\/div><\/div><\/div><\/div><\/div>\n\n\n\n<div class=\"wp-block-getwid-section alignfull alignfull\" style=\"margin-top:5px;margin-bottom:68px\"><div class=\"wp-block-getwid-section__wrapper getwid-padding-top-none getwid-padding-left-medium getwid-padding-right-medium getwid-padding-mobile-left-small getwid-padding-mobile-right-small\" style=\"padding-bottom:39px\"><div class=\"wp-block-getwid-section__inner-wrapper\"><div class=\"wp-block-getwid-section__background-holder\"><div class=\"wp-block-getwid-section__background\"><\/div><div class=\"wp-block-getwid-section__foreground\"><\/div><\/div><div class=\"wp-block-getwid-section__content\"><div class=\"wp-block-getwid-section__inner-content\">\n<div style=\"height:97px\" aria-hidden=\"true\" class=\"wp-block-spacer\"><\/div>\n\n\n\n<div class=\"wp-block-columns are-vertically-aligned-top has-2-columns is-layout-flex wp-container-core-columns-is-layout-9d6595d7 wp-block-columns-is-layout-flex\">\n<div class=\"wp-block-column is-vertically-aligned-top is-layout-flow wp-block-column-is-layout-flow\">\n<div style=\"height:13px\" aria-hidden=\"true\" class=\"wp-block-spacer\"><\/div>\n\n\n\n<div class=\"wp-block-getwid-images-slider has-arrows-inside has-dots-inside has-images-center has-cropped-images\"><div class=\"wp-block-getwid-images-slider__wrapper\" data-effect=\"slide\" data-slides-show=\"1\" data-slides-show-laptop=\"1\" data-slides-show-tablet=\"1\" data-slides-show-mobile=\"1\" data-slides-scroll=\"1\" data-autoplay=\"false\" data-pause-hover=\"false\" data-autoplay-speed=\"6000\" data-infinite=\"true\" data-animation-speed=\"800\" data-center-mode=\"false\" data-variable-width=\"false\" data-arrows=\"inside\" data-dots=\"inside\" data-spacing=\"none\"><div class=\"wp-block-getwid-images-slider__item\"><figure><img loading=\"lazy\" decoding=\"async\" width=\"2560\" height=\"1920\" src=\"https:\/\/xn--blsesjn-5wa1o.com\/wp-content\/uploads\/2024\/01\/20230921_122607-scaled.jpg\" alt=\"Unser G\u00e4stehaus am B\u00e4lsesj\u00f6n in Belse, Kilafors.\" data-id=\"3479\" data-link=\"https:\/\/xn--blsesjn-5wa1o.com\/20230921_122607\/\" data-original-link=\"https:\/\/xn--blsesjn-5wa1o.com\/wp-content\/uploads\/2024\/01\/20230921_122607-scaled.jpg\" class=\"wp-block-getwid-images-slider__image wp-image-3479\" srcset=\"https:\/\/xn--blsesjn-5wa1o.com\/wp-content\/uploads\/2024\/01\/20230921_122607-scaled.jpg 2560w, https:\/\/xn--blsesjn-5wa1o.com\/wp-content\/uploads\/2024\/01\/20230921_122607-300x225.jpg 300w, https:\/\/xn--blsesjn-5wa1o.com\/wp-content\/uploads\/2024\/01\/20230921_122607-1024x768.jpg 1024w, https:\/\/xn--blsesjn-5wa1o.com\/wp-content\/uploads\/2024\/01\/20230921_122607-768x576.jpg 768w, https:\/\/xn--blsesjn-5wa1o.com\/wp-content\/uploads\/2024\/01\/20230921_122607-1536x1152.jpg 1536w, https:\/\/xn--blsesjn-5wa1o.com\/wp-content\/uploads\/2024\/01\/20230921_122607-2048x1536.jpg 2048w, https:\/\/xn--blsesjn-5wa1o.com\/wp-content\/uploads\/2024\/01\/20230921_122607-1170x878.jpg 1170w\" sizes=\"auto, (max-width: 2560px) 100vw, 2560px\" \/><figcaption class=\"wp-block-getwid-images-slider__caption\">Unser G\u00e4stehaus am B\u00e4lsesj\u00f6n in Belse, Kilafors.<\/figcaption><\/figure><\/div><div class=\"wp-block-getwid-images-slider__item\"><figure><img loading=\"lazy\" decoding=\"async\" width=\"1210\" height=\"907\" src=\"https:\/\/xn--blsesjn-5wa1o.com\/wp-content\/uploads\/2020\/08\/20210724_220503.jpg\" data-id=\"2908\" data-link=\"https:\/\/xn--blsesjn-5wa1o.com\/rl_gallery\/fotogalerie\/20210724_220503\/\" data-original-link=\"https:\/\/xn--blsesjn-5wa1o.com\/wp-content\/uploads\/2020\/08\/20210724_220503.jpg\" class=\"wp-block-getwid-images-slider__image wp-image-2908\" srcset=\"https:\/\/xn--blsesjn-5wa1o.com\/wp-content\/uploads\/2020\/08\/20210724_220503.jpg 1210w, https:\/\/xn--blsesjn-5wa1o.com\/wp-content\/uploads\/2020\/08\/20210724_220503-300x225.jpg 300w, https:\/\/xn--blsesjn-5wa1o.com\/wp-content\/uploads\/2020\/08\/20210724_220503-1024x768.jpg 1024w, https:\/\/xn--blsesjn-5wa1o.com\/wp-content\/uploads\/2020\/08\/20210724_220503-768x576.jpg 768w, https:\/\/xn--blsesjn-5wa1o.com\/wp-content\/uploads\/2020\/08\/20210724_220503-1170x877.jpg 1170w\" sizes=\"auto, (max-width: 1210px) 100vw, 1210px\" \/><\/figure><\/div><div class=\"wp-block-getwid-images-slider__item\"><figure><img loading=\"lazy\" decoding=\"async\" width=\"1400\" height=\"918\" src=\"https:\/\/xn--blsesjn-5wa1o.com\/wp-content\/uploads\/2021\/10\/Sommerhaus-3.jpg\" data-id=\"2715\" data-link=\"https:\/\/xn--blsesjn-5wa1o.com\/home\/sommerhaus-3\/\" data-original-link=\"https:\/\/xn--blsesjn-5wa1o.com\/wp-content\/uploads\/2021\/10\/Sommerhaus-3.jpg\" class=\"wp-block-getwid-images-slider__image wp-image-2715\" srcset=\"https:\/\/xn--blsesjn-5wa1o.com\/wp-content\/uploads\/2021\/10\/Sommerhaus-3.jpg 1400w, https:\/\/xn--blsesjn-5wa1o.com\/wp-content\/uploads\/2021\/10\/Sommerhaus-3-300x197.jpg 300w, https:\/\/xn--blsesjn-5wa1o.com\/wp-content\/uploads\/2021\/10\/Sommerhaus-3-1024x671.jpg 1024w, https:\/\/xn--blsesjn-5wa1o.com\/wp-content\/uploads\/2021\/10\/Sommerhaus-3-768x504.jpg 768w, https:\/\/xn--blsesjn-5wa1o.com\/wp-content\/uploads\/2021\/10\/Sommerhaus-3-1170x767.jpg 1170w\" sizes=\"auto, (max-width: 1400px) 100vw, 1400px\" \/><\/figure><\/div><\/div><\/div>\n<\/div>\n\n\n\n<div class=\"wp-block-column is-vertically-aligned-top is-layout-flow wp-block-column-is-layout-flow\">\n<h2 class=\"wp-block-heading\">The guesthouse at the lake<\/h2>\n\n\n\n<p>Welcome to our guesthouse in Belse at B\u00e4lsesj\u00f6n!<\/p>\n\n\n\n<p>Our guesthouse welcomes you amidst untouched nature with a picturesque view of the lake, just about 4 km away from the charming village of Kilafors.<\/p>\n\n\n\n<p>Are you longing for peace and relaxation? Do you love the diversity of nature? Do you dream of a break in a cosy holiday home in Sweden? Then you are in the right place with us!<\/p>\n\n\n\n<p>Discover exciting excursion possibilities in the surroundings \u2013 the proximity to the town of Bolln\u00e4s offers additional variety.<\/p>\n\n\n\n<div class=\"wp-block-columns is-layout-flex wp-container-core-columns-is-layout-9d6595d7 wp-block-columns-is-layout-flex\">\n<div class=\"wp-block-column is-layout-flow wp-block-column-is-layout-flow\"><div class=\"mphb_sc_room-wrapper \"><div class=\"mphb-room-type post-2570 mphb_room_type type-mphb_room_type status-publish has-post-thumbnail mphb_room_type_category-cottage mphb-room-type-adults-4 mphb-room-type-children-0 \">\n\n\t\n\t\n<div class=\"mphb-to-book-btn-wrapper\">\n<form action=\"https:\/\/xn--blsesjn-5wa1o.com\/en\/accommodation\/summer-house-in-kilafors-by-the-lake\/#booking-form-2570\" method=\"get\" ><button type=\"submit\" class=\"button mphb-book-button\" >Book<\/button><\/form>\n<br\/><\/div>\n\t\n<\/div>\n<\/div><\/div>\n<\/div>\n<\/div>\n<\/div>\n<\/div><\/div><\/div><\/div><\/div>\n\n\n\n<div class=\"wp-block-getwid-section alignfull alignfull, entwurf alignfull getwid-margin-top-none getwid-margin-bottom-none\"><div class=\"wp-block-getwid-section__wrapper getwid-padding-top-none getwid-padding-bottom-normal getwid-padding-left-medium getwid-padding-right-medium\"><div class=\"wp-block-getwid-section__inner-wrapper\"><div class=\"wp-block-getwid-section__background-holder\"><div class=\"wp-block-getwid-section__background\"><\/div><div class=\"wp-block-getwid-section__foreground\"><\/div><\/div><div class=\"wp-block-getwid-section__content\"><div class=\"wp-block-getwid-section__inner-content\">\n<div class=\"wp-block-getwid-advanced-heading is-style-style-1 has-custom-font-size\" style=\"font-size:12px;margin-bottom:0px\"><p class=\"wp-block-getwid-advanced-heading__content has-text-color has-gold-color\" style=\"text-transform:uppercase;letter-spacing:0.1em\">EVERYTHING ABOUT THE GuesthousE<\/p><\/div>\n\n\n\n<div class=\"wp-block-getwid-advanced-heading\" style=\"margin-bottom:0px;margin-top:10px\"><h2 class=\"wp-block-getwid-advanced-heading__content\" style=\"padding-bottom:40px\">News<\/h2><\/div>\n\n\n\n<p><\/p>\n\n\n\n\t\t<div class=\"wp-block-getwid-recent-posts has-layout-grid has-cropped-images\">\n\t\t\t<div class=\"wp-block-getwid-recent-posts__wrapper getwid-columns getwid-columns-3\">\n\t\t\t\t<p>Nothing found.<\/p>\t\t\t<\/div>\n\t\t<\/div>\n\t\t\n\n\n<p class=\"has-text-align-center\"><a href=\"https:\/\/xn--blsesjn-5wa1o.com\/en\/baelsesjoen-blog\/\" data-type=\"URL\">\u00bb show all articles<\/a><\/p>\n<\/div><\/div><\/div><\/div><\/div>\n\n\n\n<div class=\"wp-block-getwid-section alignfull alignfull getwid-margin-bottom-none\"><div class=\"wp-block-getwid-section__wrapper getwid-padding-left-medium getwid-padding-right-medium getwid-padding-mobile-left-small getwid-padding-mobile-right-small\" style=\"padding-top:82px;padding-bottom:164px\"><div class=\"wp-block-getwid-section__inner-wrapper\"><div class=\"wp-block-getwid-section__background-holder\"><div class=\"wp-block-getwid-section__background\"><\/div><div class=\"wp-block-getwid-section__foreground\"><\/div><\/div><div class=\"wp-block-getwid-section__content\"><div class=\"wp-block-getwid-section__inner-content\">\n<div class=\"wp-block-columns is-layout-flex wp-container-core-columns-is-layout-9d6595d7 wp-block-columns-is-layout-flex\">\n<div class=\"wp-block-column is-layout-flow wp-block-column-is-layout-flow\">\n<div class=\"wp-block-getwid-advanced-heading is-style-style-1 has-custom-font-size\" style=\"font-size:12px;margin-bottom:0px\"><p class=\"wp-block-getwid-advanced-heading__content has-text-color has-gold-color\" style=\"letter-spacing:0.1em;padding-bottom:0px\">IN THE HEART OF SWEDEN<\/p><\/div>\n\n\n\n<div class=\"wp-block-getwid-advanced-heading\" style=\"margin-top:10px\"><h2 class=\"wp-block-getwid-advanced-heading__content\">Location and journey<\/h2><\/div>\n\n\n\n<p><strong>Many paths lead you to Belse, here are some options:<br><\/strong>(Address: Belse 3572, 823 91 Kilafors, Sweden)<\/p>\n<\/div>\n\n\n\n<div class=\"wp-block-column is-layout-flow wp-block-column-is-layout-flow\"><\/div>\n<\/div>\n\n\n\n<div class=\"wp-block-columns is-layout-flex wp-container-core-columns-is-layout-9d6595d7 wp-block-columns-is-layout-flex\">\n<div class=\"wp-block-column column-google-maps is-layout-flow wp-block-column-is-layout-flow\">\n<div data-map-zoom=\"5\" data-interaction=\"cooperative\" data-map-style=\"light_dream\" data-map-center=\"{&quot;lat&quot;:59.403400452579774,&quot;lng&quot;:13.892290051777307}\" data-zoom-control=\"true\" data-type-control=\"true\" data-street-view-control=\"true\" data-full-screen-control=\"true\" data-map-markers=\"[{&quot;name&quot;:&quot;B\u00e4lsesj\u00f6n&quot;,&quot;description&quot;:&quot;&quot;,&quot;popUpOpen&quot;:false,&quot;popUpMaxWidth&quot;:&quot;250&quot;,&quot;bounce&quot;:false,&quot;coords&quot;:{&quot;lat&quot;:61.212968,&quot;lng&quot;:16.565262}}]\" class=\"wp-block-getwid-map google-maps-class\"><div style=\"height:840px\" class=\"wp-block-getwid-map__container\"><\/div><ul class=\"wp-block-getwid-map__points\"><li><a href=\"https:\/\/maps.google.com\/?q=61.212968,16.565262&amp;ll=61.212968,16.565262&amp;z=5\">B\u00e4lsesj\u00f6n<\/a><\/li><\/ul><\/div>\n<\/div>\n\n\n\n<div class=\"wp-block-column is-layout-flow wp-block-column-is-layout-flow\">\n<div class=\"wp-block-getwid-advanced-heading is-style-default has-custom-font-size\" style=\"font-size:16px;margin-bottom:0px\"><h3 class=\"wp-block-getwid-advanced-heading__content has-text-color has-gold-color\" style=\"text-transform:uppercase;letter-spacing:0em;padding-bottom:10px\">BY CAR or train\/bus from stockholm<\/h3><\/div>\n\n\n\n<p>Car drive on the E4 from Arlanda (Stockholm) to Kilafors <br>Travel time: approximately 2.5 hours (216 km).<\/p>\n\n\n\n<p>There are excellent train (<a href=\"http:\/\/www.sj.se\/\">www.sj.se<\/a>) and bus (<a href=\"http:\/\/www.mohlinsexpressbuss.se\/\">www.mohlinsexpressbuss.se<\/a>) connections available from Arlanda Airport to both Kilafors and Bolln\u00e4s.<\/p>\n<\/div>\n<\/div>\n<\/div><\/div><\/div><\/div><\/div>\n","protected":false},"excerpt":{"rendered":"","protected":false},"author":1,"featured_media":1906,"parent":0,"menu_order":0,"comment_status":"closed","ping_status":"closed","template":"template-front-page.php","meta":{"inline_featured_image":false,"footnotes":""},"class_list":["post-2548","page","type-page","status-publish","has-post-thumbnail","hentry"],"yoast_head":"<!-- This site is optimized with the Yoast SEO plugin v26.2 - https:\/\/yoast.com\/wordpress\/plugins\/seo\/ -->\n<title>Home - B\u00e4lsesj\u00f6n<\/title>\n<meta name=\"robots\" content=\"index, follow, max-snippet:-1, max-image-preview:large, max-video-preview:-1\" \/>\n<link rel=\"canonical\" href=\"https:\/\/xn--blsesjn-5wa1o.com\/en\/\" \/>\n<meta property=\"og:locale\" content=\"en_US\" \/>\n<meta property=\"og:type\" content=\"article\" \/>\n<meta property=\"og:title\" content=\"Home - B\u00e4lsesj\u00f6n\" \/>\n<meta property=\"og:url\" content=\"https:\/\/xn--blsesjn-5wa1o.com\/en\/\" \/>\n<meta property=\"og:site_name\" content=\"B\u00e4lsesj\u00f6n\" \/>\n<meta property=\"article:modified_time\" content=\"2024-09-26T15:21:45+00:00\" \/>\n<meta property=\"og:image\" content=\"https:\/\/xn--blsesjn-5wa1o.com\/wp-content\/uploads\/2020\/07\/4-scaled-e1596014171434.jpg\" \/>\n\t<meta property=\"og:image:width\" content=\"500\" \/>\n\t<meta property=\"og:image:height\" content=\"500\" \/>\n\t<meta property=\"og:image:type\" content=\"image\/jpeg\" \/>\n<meta name=\"twitter:card\" content=\"summary_large_image\" \/>\n<meta name=\"twitter:label1\" content=\"Est. reading time\" \/>\n\t<meta name=\"twitter:data1\" content=\"2 minutes\" \/>\n<script type=\"application\/ld+json\" class=\"yoast-schema-graph\">{\"@context\":\"https:\/\/schema.org\",\"@graph\":[{\"@type\":\"WebPage\",\"@id\":\"https:\/\/xn--blsesjn-5wa1o.com\/en\/\",\"url\":\"https:\/\/xn--blsesjn-5wa1o.com\/en\/\",\"name\":\"Home - B\u00e4lsesj\u00f6n\",\"isPartOf\":{\"@id\":\"https:\/\/xn--blsesjn-5wa1o.com\/#website\"},\"primaryImageOfPage\":{\"@id\":\"https:\/\/xn--blsesjn-5wa1o.com\/en\/#primaryimage\"},\"image\":{\"@id\":\"https:\/\/xn--blsesjn-5wa1o.com\/en\/#primaryimage\"},\"thumbnailUrl\":\"https:\/\/xn--blsesjn-5wa1o.com\/wp-content\/uploads\/2020\/07\/4-scaled-e1596014171434.jpg\",\"datePublished\":\"2019-06-11T09:41:36+00:00\",\"dateModified\":\"2024-09-26T15:21:45+00:00\",\"breadcrumb\":{\"@id\":\"https:\/\/xn--blsesjn-5wa1o.com\/en\/#breadcrumb\"},\"inLanguage\":\"en-US\",\"potentialAction\":[{\"@type\":\"ReadAction\",\"target\":[\"https:\/\/xn--blsesjn-5wa1o.com\/en\/\"]}]},{\"@type\":\"ImageObject\",\"inLanguage\":\"en-US\",\"@id\":\"https:\/\/xn--blsesjn-5wa1o.com\/en\/#primaryimage\",\"url\":\"https:\/\/xn--blsesjn-5wa1o.com\/wp-content\/uploads\/2020\/07\/4-scaled-e1596014171434.jpg\",\"contentUrl\":\"https:\/\/xn--blsesjn-5wa1o.com\/wp-content\/uploads\/2020\/07\/4-scaled-e1596014171434.jpg\",\"width\":500,\"height\":500},{\"@type\":\"BreadcrumbList\",\"@id\":\"https:\/\/xn--blsesjn-5wa1o.com\/en\/#breadcrumb\",\"itemListElement\":[{\"@type\":\"ListItem\",\"position\":1,\"name\":\"Startseite\",\"item\":\"https:\/\/xn--blsesjn-5wa1o.com\/en\/\"},{\"@type\":\"ListItem\",\"position\":2,\"name\":\"Home\"}]},{\"@type\":\"WebSite\",\"@id\":\"https:\/\/xn--blsesjn-5wa1o.com\/#website\",\"url\":\"https:\/\/xn--blsesjn-5wa1o.com\/\",\"name\":\"B\u00e4lsesj\u00f6n\",\"description\":\"Ferienhaus in Schweden am See\",\"potentialAction\":[{\"@type\":\"SearchAction\",\"target\":{\"@type\":\"EntryPoint\",\"urlTemplate\":\"https:\/\/xn--blsesjn-5wa1o.com\/?s={search_term_string}\"},\"query-input\":{\"@type\":\"PropertyValueSpecification\",\"valueRequired\":true,\"valueName\":\"search_term_string\"}}],\"inLanguage\":\"en-US\"}]}<\/script>\n<!-- \/ Yoast SEO plugin. -->","yoast_head_json":{"title":"Home - B\u00e4lsesj\u00f6n","robots":{"index":"index","follow":"follow","max-snippet":"max-snippet:-1","max-image-preview":"max-image-preview:large","max-video-preview":"max-video-preview:-1"},"canonical":"https:\/\/xn--blsesjn-5wa1o.com\/en\/","og_locale":"en_US","og_type":"article","og_title":"Home - B\u00e4lsesj\u00f6n","og_url":"https:\/\/xn--blsesjn-5wa1o.com\/en\/","og_site_name":"B\u00e4lsesj\u00f6n","article_modified_time":"2024-09-26T15:21:45+00:00","og_image":[{"width":500,"height":500,"url":"https:\/\/xn--blsesjn-5wa1o.com\/wp-content\/uploads\/2020\/07\/4-scaled-e1596014171434.jpg","type":"image\/jpeg"}],"twitter_card":"summary_large_image","twitter_misc":{"Est. reading time":"2 minutes"},"schema":{"@context":"https:\/\/schema.org","@graph":[{"@type":"WebPage","@id":"https:\/\/xn--blsesjn-5wa1o.com\/en\/","url":"https:\/\/xn--blsesjn-5wa1o.com\/en\/","name":"Home - B\u00e4lsesj\u00f6n","isPartOf":{"@id":"https:\/\/xn--blsesjn-5wa1o.com\/#website"},"primaryImageOfPage":{"@id":"https:\/\/xn--blsesjn-5wa1o.com\/en\/#primaryimage"},"image":{"@id":"https:\/\/xn--blsesjn-5wa1o.com\/en\/#primaryimage"},"thumbnailUrl":"https:\/\/xn--blsesjn-5wa1o.com\/wp-content\/uploads\/2020\/07\/4-scaled-e1596014171434.jpg","datePublished":"2019-06-11T09:41:36+00:00","dateModified":"2024-09-26T15:21:45+00:00","breadcrumb":{"@id":"https:\/\/xn--blsesjn-5wa1o.com\/en\/#breadcrumb"},"inLanguage":"en-US","potentialAction":[{"@type":"ReadAction","target":["https:\/\/xn--blsesjn-5wa1o.com\/en\/"]}]},{"@type":"ImageObject","inLanguage":"en-US","@id":"https:\/\/xn--blsesjn-5wa1o.com\/en\/#primaryimage","url":"https:\/\/xn--blsesjn-5wa1o.com\/wp-content\/uploads\/2020\/07\/4-scaled-e1596014171434.jpg","contentUrl":"https:\/\/xn--blsesjn-5wa1o.com\/wp-content\/uploads\/2020\/07\/4-scaled-e1596014171434.jpg","width":500,"height":500},{"@type":"BreadcrumbList","@id":"https:\/\/xn--blsesjn-5wa1o.com\/en\/#breadcrumb","itemListElement":[{"@type":"ListItem","position":1,"name":"Startseite","item":"https:\/\/xn--blsesjn-5wa1o.com\/en\/"},{"@type":"ListItem","position":2,"name":"Home"}]},{"@type":"WebSite","@id":"https:\/\/xn--blsesjn-5wa1o.com\/#website","url":"https:\/\/xn--blsesjn-5wa1o.com\/","name":"B\u00e4lsesj\u00f6n","description":"Ferienhaus in Schweden am See","potentialAction":[{"@type":"SearchAction","target":{"@type":"EntryPoint","urlTemplate":"https:\/\/xn--blsesjn-5wa1o.com\/?s={search_term_string}"},"query-input":{"@type":"PropertyValueSpecification","valueRequired":true,"valueName":"search_term_string"}}],"inLanguage":"en-US"}]}},"_links":{"self":[{"href":"https:\/\/xn--blsesjn-5wa1o.com\/en\/wp-json\/wp\/v2\/pages\/2548","targetHints":{"allow":["GET"]}}],"collection":[{"href":"https:\/\/xn--blsesjn-5wa1o.com\/en\/wp-json\/wp\/v2\/pages"}],"about":[{"href":"https:\/\/xn--blsesjn-5wa1o.com\/en\/wp-json\/wp\/v2\/types\/page"}],"author":[{"embeddable":true,"href":"https:\/\/xn--blsesjn-5wa1o.com\/en\/wp-json\/wp\/v2\/users\/1"}],"replies":[{"embeddable":true,"href":"https:\/\/xn--blsesjn-5wa1o.com\/en\/wp-json\/wp\/v2\/comments?post=2548"}],"version-history":[{"count":22,"href":"https:\/\/xn--blsesjn-5wa1o.com\/en\/wp-json\/wp\/v2\/pages\/2548\/revisions"}],"predecessor-version":[{"id":3770,"href":"https:\/\/xn--blsesjn-5wa1o.com\/en\/wp-json\/wp\/v2\/pages\/2548\/revisions\/3770"}],"wp:featuredmedia":[{"embeddable":true,"href":"https:\/\/xn--blsesjn-5wa1o.com\/en\/wp-json\/wp\/v2\/media\/1906"}],"wp:attachment":[{"href":"https:\/\/xn--blsesjn-5wa1o.com\/en\/wp-json\/wp\/v2\/media?parent=2548"}],"curies":[{"name":"wp","href":"https:\/\/api.w.org\/{rel}","templated":true}]}}