




{"id":2613,"date":"2021-09-30T09:43:06","date_gmt":"2021-09-30T09:43:06","guid":{"rendered":"https:\/\/xn--blsesjn-5wa1o.com\/nature-around-baelesjoen\/"},"modified":"2024-01-26T07:24:34","modified_gmt":"2024-01-26T07:24:34","slug":"nature-around-baelesjoen","status":"publish","type":"page","link":"https:\/\/xn--blsesjn-5wa1o.com\/en\/nature-around-baelesjoen\/","title":{"rendered":"Nature around B\u00e4lsesj\u00f6n"},"content":{"rendered":"\n<div class=\"wp-block-columns is-layout-flex wp-container-core-columns-is-layout-9d6595d7 wp-block-columns-is-layout-flex\">\n<div class=\"wp-block-column is-layout-flow wp-block-column-is-layout-flow\"><\/div>\n\n\n\n<div class=\"wp-block-column is-vertically-aligned-center is-layout-flow wp-block-column-is-layout-flow\">\n<p class=\"has-large-font-size\">J\u00e4rvs\u00f6 Zoo <\/p>\n\n\n\n<p>Very beautiful zoo!<\/p>\n\n\n\n<p><a href=\"http:\/\/www.jarvzoo.se\" target=\"_blank\" rel=\"noreferrer noopener\">www.jarvzoo.se<\/a><\/p>\n<\/div>\n<\/div>\n\n\n\n<div style=\"height:10px\" aria-hidden=\"true\" class=\"wp-block-spacer\"><\/div>\n\n\n\n<div class=\"wp-block-columns is-layout-flex wp-container-core-columns-is-layout-9d6595d7 wp-block-columns-is-layout-flex\">\n<div class=\"wp-block-column is-layout-flow wp-block-column-is-layout-flow\">\n<figure class=\"wp-block-image size-large\"><img loading=\"lazy\" decoding=\"async\" width=\"1024\" height=\"573\" src=\"https:\/\/xn--blsesjn-5wa1o.com\/wp-content\/uploads\/2021\/09\/Stenegar-1024x573.jpg\" alt=\"\" class=\"wp-image-2335\" srcset=\"https:\/\/xn--blsesjn-5wa1o.com\/wp-content\/uploads\/2021\/09\/Stenegar-1024x573.jpg 1024w, https:\/\/xn--blsesjn-5wa1o.com\/wp-content\/uploads\/2021\/09\/Stenegar-300x168.jpg 300w, https:\/\/xn--blsesjn-5wa1o.com\/wp-content\/uploads\/2021\/09\/Stenegar-768x430.jpg 768w, https:\/\/xn--blsesjn-5wa1o.com\/wp-content\/uploads\/2021\/09\/Stenegar.jpg 1083w\" sizes=\"auto, (max-width: 1024px) 100vw, 1024px\" \/><\/figure>\n<\/div>\n\n\n\n<div class=\"wp-block-column is-vertically-aligned-center is-layout-flow wp-block-column-is-layout-flow\">\n<p class=\"has-large-font-size\">\u201cStenegar\u201d in J\u00e4rvs\u00f6<\/p>\n\n\n\n<p>Almost every Sunday in the summer a Gant (auction) takes place. Beautiful park for walking, linen goods, stores, cafe, pottery and herbs. <\/p>\n\n\n\n<p><a href=\"http:\/\/www.stenegard.com\" target=\"_blank\" rel=\"noreferrer noopener\">www.stenegard.com<\/a> <\/p>\n<\/div>\n<\/div>\n\n\n\n<div style=\"height:10px\" aria-hidden=\"true\" class=\"wp-block-spacer\"><\/div>\n\n\n\n<div class=\"wp-block-columns is-layout-flex wp-container-core-columns-is-layout-9d6595d7 wp-block-columns-is-layout-flex\">\n<div class=\"wp-block-column is-layout-flow wp-block-column-is-layout-flow\">\n<figure class=\"wp-block-image size-large\"><img loading=\"lazy\" decoding=\"async\" width=\"1024\" height=\"573\" src=\"https:\/\/xn--blsesjn-5wa1o.com\/wp-content\/uploads\/2021\/09\/Wandern_Nationalpark-1024x573.jpg\" alt=\"\" class=\"wp-image-2339\" srcset=\"https:\/\/xn--blsesjn-5wa1o.com\/wp-content\/uploads\/2021\/09\/Wandern_Nationalpark-1024x573.jpg 1024w, https:\/\/xn--blsesjn-5wa1o.com\/wp-content\/uploads\/2021\/09\/Wandern_Nationalpark-300x168.jpg 300w, https:\/\/xn--blsesjn-5wa1o.com\/wp-content\/uploads\/2021\/09\/Wandern_Nationalpark-768x430.jpg 768w, https:\/\/xn--blsesjn-5wa1o.com\/wp-content\/uploads\/2021\/09\/Wandern_Nationalpark.jpg 1083w\" sizes=\"auto, (max-width: 1024px) 100vw, 1024px\" \/><\/figure>\n<\/div>\n\n\n\n<div class=\"wp-block-column is-vertically-aligned-center is-layout-flow wp-block-column-is-layout-flow\">\n<p class=\"has-large-font-size\">Hiking in the Nationalpark im National park<\/p>\n\n\n\n<p>H\u00f6llik near Hudiksvall<\/p>\n\n\n\n<p><a href=\"http:\/\/www.alltrails.com\/de\/trail\/sweden\/gavleborg\/holick-vandringsleden\" target=\"_blank\" rel=\"noreferrer noopener\">www.alltrails.com<\/a><\/p>\n<\/div>\n<\/div>\n\n\n\n<div style=\"height:10px\" aria-hidden=\"true\" class=\"wp-block-spacer\"><\/div>\n\n\n\n<div class=\"wp-block-columns is-layout-flex wp-container-core-columns-is-layout-9d6595d7 wp-block-columns-is-layout-flex\">\n<div class=\"wp-block-column is-layout-flow wp-block-column-is-layout-flow\">\n<figure class=\"wp-block-image size-large\"><img loading=\"lazy\" decoding=\"async\" width=\"1024\" height=\"573\" src=\"https:\/\/xn--blsesjn-5wa1o.com\/wp-content\/uploads\/2021\/09\/Besuch_Stadt_Soederhamn-1024x573.jpg\" alt=\"\" class=\"wp-image-2343\" srcset=\"https:\/\/xn--blsesjn-5wa1o.com\/wp-content\/uploads\/2021\/09\/Besuch_Stadt_Soederhamn-1024x573.jpg 1024w, https:\/\/xn--blsesjn-5wa1o.com\/wp-content\/uploads\/2021\/09\/Besuch_Stadt_Soederhamn-300x168.jpg 300w, https:\/\/xn--blsesjn-5wa1o.com\/wp-content\/uploads\/2021\/09\/Besuch_Stadt_Soederhamn-768x430.jpg 768w, https:\/\/xn--blsesjn-5wa1o.com\/wp-content\/uploads\/2021\/09\/Besuch_Stadt_Soederhamn.jpg 1083w\" sizes=\"auto, (max-width: 1024px) 100vw, 1024px\" \/><\/figure>\n<\/div>\n\n\n\n<div class=\"wp-block-column is-vertically-aligned-center is-layout-flow wp-block-column-is-layout-flow\">\n<p class=\"has-large-font-size\">Visit the city of S\u00f6derhamn<\/p>\n\n\n\n<p>Located directly at the sea with a beautiful mall.<\/p>\n<\/div>\n<\/div>\n\n\n\n<div style=\"height:10px\" aria-hidden=\"true\" class=\"wp-block-spacer\"><\/div>\n\n\n\n<div class=\"wp-block-columns is-layout-flex wp-container-core-columns-is-layout-9d6595d7 wp-block-columns-is-layout-flex\">\n<div class=\"wp-block-column is-layout-flow wp-block-column-is-layout-flow\"><\/div>\n\n\n\n<div class=\"wp-block-column is-vertically-aligned-center is-layout-flow wp-block-column-is-layout-flow\">\n<p class=\"has-large-font-size\">\u201cV\u00e4xbo Lin\u201d linen factory, factory store<\/p>\n\n\n\n<p>Exhibition and sale of quality crafts and design, as well as beautiful jewelry and stylish clothing. V\u00e4xbo Lin, factory store and pottery, forge, caf\u00e9, bakery and gourmet restaurant. <\/p>\n\n\n\n<p><a href=\"http:\/\/www.vaxbolin.se\" target=\"_blank\" rel=\"noreferrer noopener\">www.vaxbolin.se<\/a> <\/p>\n<\/div>\n<\/div>\n\n\n\n<div style=\"height:10px\" aria-hidden=\"true\" class=\"wp-block-spacer\"><\/div>\n\n\n\n<div class=\"wp-block-columns is-layout-flex wp-container-core-columns-is-layout-9d6595d7 wp-block-columns-is-layout-flex\">\n<div class=\"wp-block-column is-layout-flow wp-block-column-is-layout-flow\">\n<figure class=\"wp-block-image size-full\"><img loading=\"lazy\" decoding=\"async\" width=\"1024\" height=\"573\" src=\"https:\/\/xn--blsesjn-5wa1o.com\/wp-content\/uploads\/2021\/11\/Lilla_ks.jpg\" alt=\"\" class=\"wp-image-3067\" srcset=\"https:\/\/xn--blsesjn-5wa1o.com\/wp-content\/uploads\/2021\/11\/Lilla_ks.jpg 1024w, https:\/\/xn--blsesjn-5wa1o.com\/wp-content\/uploads\/2021\/11\/Lilla_ks-300x168.jpg 300w, https:\/\/xn--blsesjn-5wa1o.com\/wp-content\/uploads\/2021\/11\/Lilla_ks-768x430.jpg 768w\" sizes=\"auto, (max-width: 1024px) 100vw, 1024px\" \/><\/figure>\n<\/div>\n\n\n\n<div class=\"wp-block-column is-vertically-aligned-center is-layout-flow wp-block-column-is-layout-flow\">\n<p class=\"has-large-font-size\">\u201cMobackes&#8221; garden center and Lilla k&#8217;s Garden Restaurant<\/p>\n\n\n\n<p>Be inspired by the beautiful items and display areas. The garden caf\u00e9 and restaurant are highly recommended!<\/p>\n\n\n\n<p><a href=\"http:\/\/www.mobackes.se\" target=\"_blank\" rel=\"noreferrer noopener\">www.mobackes.se<\/a> \/ <a href=\"http:\/\/www.lillak.com\" target=\"_blank\" rel=\"noreferrer noopener\">www.lillak.com<\/a>  <\/p>\n<\/div>\n<\/div>\n\n\n\n<div style=\"height:10px\" aria-hidden=\"true\" class=\"wp-block-spacer\"><\/div>\n\n\n\n<div class=\"wp-block-columns is-layout-flex wp-container-core-columns-is-layout-9d6595d7 wp-block-columns-is-layout-flex\">\n<div class=\"wp-block-column is-layout-flow wp-block-column-is-layout-flow\">\n<figure class=\"wp-block-image size-large\"><img loading=\"lazy\" decoding=\"async\" width=\"1024\" height=\"573\" src=\"https:\/\/xn--blsesjn-5wa1o.com\/wp-content\/uploads\/2021\/09\/Hausberg-1024x573.jpg\" alt=\"\" class=\"wp-image-2347\" srcset=\"https:\/\/xn--blsesjn-5wa1o.com\/wp-content\/uploads\/2021\/09\/Hausberg-1024x573.jpg 1024w, https:\/\/xn--blsesjn-5wa1o.com\/wp-content\/uploads\/2021\/09\/Hausberg-300x168.jpg 300w, https:\/\/xn--blsesjn-5wa1o.com\/wp-content\/uploads\/2021\/09\/Hausberg-768x430.jpg 768w, https:\/\/xn--blsesjn-5wa1o.com\/wp-content\/uploads\/2021\/09\/Hausberg.jpg 1083w\" sizes=\"auto, (max-width: 1024px) 100vw, 1024px\" \/><\/figure>\n<\/div>\n\n\n\n<div class=\"wp-block-column is-vertically-aligned-center is-layout-flow wp-block-column-is-layout-flow\">\n<p class=\"has-large-font-size\">Hike on our house hill<\/p>\n\n\n\n<p>Enjoy the view over the lake and the landscape. With a little luck you will see &#8220;our&#8221; mooses. <\/p>\n<\/div>\n<\/div>\n\n\n\n<div style=\"height:10px\" aria-hidden=\"true\" class=\"wp-block-spacer\"><\/div>\n\n\n\n<div class=\"wp-block-columns is-layout-flex wp-container-core-columns-is-layout-9d6595d7 wp-block-columns-is-layout-flex\">\n<div class=\"wp-block-column is-layout-flow wp-block-column-is-layout-flow\">\n<figure class=\"wp-block-image size-large\"><img loading=\"lazy\" decoding=\"async\" width=\"1024\" height=\"573\" src=\"https:\/\/xn--blsesjn-5wa1o.com\/wp-content\/uploads\/2021\/09\/Wandern_See-1024x573.jpg\" alt=\"\" class=\"wp-image-2351\" srcset=\"https:\/\/xn--blsesjn-5wa1o.com\/wp-content\/uploads\/2021\/09\/Wandern_See-1024x573.jpg 1024w, https:\/\/xn--blsesjn-5wa1o.com\/wp-content\/uploads\/2021\/09\/Wandern_See-300x168.jpg 300w, https:\/\/xn--blsesjn-5wa1o.com\/wp-content\/uploads\/2021\/09\/Wandern_See-768x430.jpg 768w, https:\/\/xn--blsesjn-5wa1o.com\/wp-content\/uploads\/2021\/09\/Wandern_See.jpg 1083w\" sizes=\"auto, (max-width: 1024px) 100vw, 1024px\" \/><\/figure>\n<\/div>\n\n\n\n<div class=\"wp-block-column is-vertically-aligned-center is-layout-flow wp-block-column-is-layout-flow\">\n<p class=\"has-large-font-size\">Walk around \u201cour\u201d lake<\/p>\n\n\n\n<p>Approx. time required: 1 hour 15 minutes<\/p>\n<\/div>\n<\/div>\n\n\n\n<div style=\"height:10px\" aria-hidden=\"true\" class=\"wp-block-spacer\"><\/div>\n\n\n\n<div class=\"wp-block-columns is-layout-flex wp-container-core-columns-is-layout-9d6595d7 wp-block-columns-is-layout-flex\">\n<div class=\"wp-block-column is-layout-flow wp-block-column-is-layout-flow\">\n<div class=\"wp-block-getwid-images-slider has-arrows-none has-dots-inside has-images-center has-cropped-images\"><div class=\"wp-block-getwid-images-slider__wrapper\" data-effect=\"slide\" data-slides-show=\"1\" data-slides-show-laptop=\"1\" data-slides-show-tablet=\"1\" data-slides-show-mobile=\"1\" data-slides-scroll=\"1\" data-autoplay=\"false\" data-autoplay-speed=\"6000\" data-infinite=\"true\" data-animation-speed=\"800\" data-center-mode=\"false\" data-variable-width=\"false\" data-arrows=\"none\" data-dots=\"inside\" data-spacing=\"none\"><div class=\"wp-block-getwid-images-slider__item\"><figure><img loading=\"lazy\" decoding=\"async\" width=\"1594\" height=\"896\" src=\"https:\/\/xn--blsesjn-5wa1o.com\/wp-content\/uploads\/2020\/08\/20160107_123826.jpg\" data-id=\"2811\" data-link=\"https:\/\/xn--blsesjn-5wa1o.com\/rl_gallery\/fotogalerie\/20160107_123826\/\" data-original-link=\"https:\/\/xn--blsesjn-5wa1o.com\/wp-content\/uploads\/2020\/08\/20160107_123826.jpg\" class=\"wp-block-getwid-images-slider__image wp-image-2811\" srcset=\"https:\/\/xn--blsesjn-5wa1o.com\/wp-content\/uploads\/2020\/08\/20160107_123826.jpg 1594w, https:\/\/xn--blsesjn-5wa1o.com\/wp-content\/uploads\/2020\/08\/20160107_123826-300x169.jpg 300w, https:\/\/xn--blsesjn-5wa1o.com\/wp-content\/uploads\/2020\/08\/20160107_123826-1024x576.jpg 1024w, https:\/\/xn--blsesjn-5wa1o.com\/wp-content\/uploads\/2020\/08\/20160107_123826-768x432.jpg 768w, https:\/\/xn--blsesjn-5wa1o.com\/wp-content\/uploads\/2020\/08\/20160107_123826-1536x863.jpg 1536w, https:\/\/xn--blsesjn-5wa1o.com\/wp-content\/uploads\/2020\/08\/20160107_123826-1170x658.jpg 1170w\" sizes=\"auto, (max-width: 1594px) 100vw, 1594px\" \/><\/figure><\/div><div class=\"wp-block-getwid-images-slider__item\"><figure><img loading=\"lazy\" decoding=\"async\" width=\"1594\" height=\"896\" src=\"https:\/\/xn--blsesjn-5wa1o.com\/wp-content\/uploads\/2021\/10\/Schlittschuh_2.jpg\" data-id=\"2974\" data-link=\"https:\/\/xn--blsesjn-5wa1o.com\/natur\/schlittschuh_2\/\" data-original-link=\"https:\/\/xn--blsesjn-5wa1o.com\/wp-content\/uploads\/2021\/10\/Schlittschuh_2.jpg\" class=\"wp-block-getwid-images-slider__image wp-image-2974\" srcset=\"https:\/\/xn--blsesjn-5wa1o.com\/wp-content\/uploads\/2021\/10\/Schlittschuh_2.jpg 1594w, https:\/\/xn--blsesjn-5wa1o.com\/wp-content\/uploads\/2021\/10\/Schlittschuh_2-300x169.jpg 300w, https:\/\/xn--blsesjn-5wa1o.com\/wp-content\/uploads\/2021\/10\/Schlittschuh_2-1024x576.jpg 1024w, https:\/\/xn--blsesjn-5wa1o.com\/wp-content\/uploads\/2021\/10\/Schlittschuh_2-768x432.jpg 768w, https:\/\/xn--blsesjn-5wa1o.com\/wp-content\/uploads\/2021\/10\/Schlittschuh_2-1536x863.jpg 1536w, https:\/\/xn--blsesjn-5wa1o.com\/wp-content\/uploads\/2021\/10\/Schlittschuh_2-1170x658.jpg 1170w\" sizes=\"auto, (max-width: 1594px) 100vw, 1594px\" \/><\/figure><\/div><\/div><\/div>\n<\/div>\n\n\n\n<div class=\"wp-block-column is-vertically-aligned-center is-layout-flow wp-block-column-is-layout-flow\">\n<p class=\"has-large-font-size\"><meta charset=\"utf-8\">Ice skating on our lake<\/p>\n<\/div>\n<\/div>\n\n\n\n<div style=\"height:10px\" aria-hidden=\"true\" class=\"wp-block-spacer\"><\/div>\n\n\n\n<div class=\"wp-block-columns is-layout-flex wp-container-core-columns-is-layout-9d6595d7 wp-block-columns-is-layout-flex\">\n<div class=\"wp-block-column is-layout-flow wp-block-column-is-layout-flow\"><\/div>\n\n\n\n<div class=\"wp-block-column is-vertically-aligned-center is-layout-flow wp-block-column-is-layout-flow\">\n<p class=\"has-large-font-size\">Antiques and flea markets<\/p>\n\n\n\n<p>Discover the many exciting flea markets, antique stores, thrift stores and auctions in the surrounding area. Great finds guaranteed!<\/p>\n<\/div>\n<\/div>\n\n\n\n<div style=\"height:10px\" aria-hidden=\"true\" class=\"wp-block-spacer\"><\/div>\n\n\n\n<div class=\"wp-block-columns is-layout-flex wp-container-core-columns-is-layout-9d6595d7 wp-block-columns-is-layout-flex\">\n<div class=\"wp-block-column is-layout-flow wp-block-column-is-layout-flow\"><\/div>\n\n\n\n<div class=\"wp-block-column is-vertically-aligned-center is-layout-flow wp-block-column-is-layout-flow\">\n<p class=\"has-large-font-size\">Bowling<\/p>\n\n\n\n<p>In H\u00e4ggesta, the Bolln\u00e4s Bowling Club (building MIO M\u00f6bler \/ 1st basement) greets you with eight computerized lanes.<\/p>\n\n\n\n<p><a href=\"http:\/\/www.facebook.com\/bollnasbowling\" target=\"_blank\" rel=\"noreferrer noopener\">www.facebook.com\/bollnasbowling<\/a>  <\/p>\n<\/div>\n<\/div>\n\n\n\n<div style=\"height:10px\" aria-hidden=\"true\" class=\"wp-block-spacer\"><\/div>\n\n\n\n<p class=\"has-text-align-left\">Brochures for various suggestions for excursions are available at the guesthouse.<\/p>\n\n\n\n<p>We will be glad to help you.<\/p>\n","protected":false},"excerpt":{"rendered":"<p>J\u00e4rvs\u00f6 Zoo Very beautiful zoo! www.jarvzoo.se \u201cStenegar\u201d in J\u00e4rvs\u00f6 Almost every Sunday in the summer a Gant (auction) takes place. Beautiful park for walking, linen goods, stores, cafe, pottery and herbs. www.stenegard.com Hiking in the Nationalpark im National park H\u00f6llik near Hudiksvall www.alltrails.com Visit the city of S\u00f6derhamn Located directly at the sea with a [&hellip;]<\/p>\n","protected":false},"author":1,"featured_media":0,"parent":0,"menu_order":0,"comment_status":"closed","ping_status":"closed","template":"template-front-page.php","meta":{"inline_featured_image":false,"footnotes":""},"class_list":["post-2613","page","type-page","status-publish","hentry"],"yoast_head":"<!-- This site is optimized with the Yoast SEO plugin v26.2 - https:\/\/yoast.com\/wordpress\/plugins\/seo\/ -->\n<title>Nature around B\u00e4lsesj\u00f6n - B\u00e4lsesj\u00f6n<\/title>\n<meta name=\"robots\" content=\"index, follow, max-snippet:-1, max-image-preview:large, max-video-preview:-1\" \/>\n<link rel=\"canonical\" href=\"https:\/\/xn--blsesjn-5wa1o.com\/en\/nature-around-baelesjoen\/\" \/>\n<meta property=\"og:locale\" content=\"en_US\" \/>\n<meta property=\"og:type\" content=\"article\" \/>\n<meta property=\"og:title\" content=\"Nature around B\u00e4lsesj\u00f6n - B\u00e4lsesj\u00f6n\" \/>\n<meta property=\"og:description\" content=\"J\u00e4rvs\u00f6 Zoo Very beautiful zoo! www.jarvzoo.se \u201cStenegar\u201d in J\u00e4rvs\u00f6 Almost every Sunday in the summer a Gant (auction) takes place. Beautiful park for walking, linen goods, stores, cafe, pottery and herbs. www.stenegard.com Hiking in the Nationalpark im National park H\u00f6llik near Hudiksvall www.alltrails.com Visit the city of S\u00f6derhamn Located directly at the sea with a [&hellip;]\" \/>\n<meta property=\"og:url\" content=\"https:\/\/xn--blsesjn-5wa1o.com\/en\/nature-around-baelesjoen\/\" \/>\n<meta property=\"og:site_name\" content=\"B\u00e4lsesj\u00f6n\" \/>\n<meta property=\"article:modified_time\" content=\"2024-01-26T07:24:34+00:00\" \/>\n<meta property=\"og:image\" content=\"https:\/\/xn--blsesjn-5wa1o.com\/wp-content\/uploads\/2021\/09\/Stenegar-1024x573.jpg\" \/>\n<meta name=\"twitter:card\" content=\"summary_large_image\" \/>\n<meta name=\"twitter:label1\" content=\"Est. reading time\" \/>\n\t<meta name=\"twitter:data1\" content=\"3 minutes\" \/>\n<script type=\"application\/ld+json\" class=\"yoast-schema-graph\">{\"@context\":\"https:\/\/schema.org\",\"@graph\":[{\"@type\":\"WebPage\",\"@id\":\"https:\/\/xn--blsesjn-5wa1o.com\/en\/nature-around-baelesjoen\/\",\"url\":\"https:\/\/xn--blsesjn-5wa1o.com\/en\/nature-around-baelesjoen\/\",\"name\":\"Nature around B\u00e4lsesj\u00f6n - B\u00e4lsesj\u00f6n\",\"isPartOf\":{\"@id\":\"https:\/\/xn--blsesjn-5wa1o.com\/#website\"},\"primaryImageOfPage\":{\"@id\":\"https:\/\/xn--blsesjn-5wa1o.com\/en\/nature-around-baelesjoen\/#primaryimage\"},\"image\":{\"@id\":\"https:\/\/xn--blsesjn-5wa1o.com\/en\/nature-around-baelesjoen\/#primaryimage\"},\"thumbnailUrl\":\"https:\/\/xn--blsesjn-5wa1o.com\/wp-content\/uploads\/2021\/09\/Stenegar-1024x573.jpg\",\"datePublished\":\"2021-09-30T09:43:06+00:00\",\"dateModified\":\"2024-01-26T07:24:34+00:00\",\"breadcrumb\":{\"@id\":\"https:\/\/xn--blsesjn-5wa1o.com\/en\/nature-around-baelesjoen\/#breadcrumb\"},\"inLanguage\":\"en-US\",\"potentialAction\":[{\"@type\":\"ReadAction\",\"target\":[\"https:\/\/xn--blsesjn-5wa1o.com\/en\/nature-around-baelesjoen\/\"]}]},{\"@type\":\"ImageObject\",\"inLanguage\":\"en-US\",\"@id\":\"https:\/\/xn--blsesjn-5wa1o.com\/en\/nature-around-baelesjoen\/#primaryimage\",\"url\":\"https:\/\/xn--blsesjn-5wa1o.com\/wp-content\/uploads\/2021\/09\/Stenegar-1024x573.jpg\",\"contentUrl\":\"https:\/\/xn--blsesjn-5wa1o.com\/wp-content\/uploads\/2021\/09\/Stenegar-1024x573.jpg\"},{\"@type\":\"BreadcrumbList\",\"@id\":\"https:\/\/xn--blsesjn-5wa1o.com\/en\/nature-around-baelesjoen\/#breadcrumb\",\"itemListElement\":[{\"@type\":\"ListItem\",\"position\":1,\"name\":\"Startseite\",\"item\":\"https:\/\/xn--blsesjn-5wa1o.com\/en\/\"},{\"@type\":\"ListItem\",\"position\":2,\"name\":\"Nature around B\u00e4lsesj\u00f6n\"}]},{\"@type\":\"WebSite\",\"@id\":\"https:\/\/xn--blsesjn-5wa1o.com\/#website\",\"url\":\"https:\/\/xn--blsesjn-5wa1o.com\/\",\"name\":\"B\u00e4lsesj\u00f6n\",\"description\":\"Ferienhaus in Schweden am See\",\"potentialAction\":[{\"@type\":\"SearchAction\",\"target\":{\"@type\":\"EntryPoint\",\"urlTemplate\":\"https:\/\/xn--blsesjn-5wa1o.com\/?s={search_term_string}\"},\"query-input\":{\"@type\":\"PropertyValueSpecification\",\"valueRequired\":true,\"valueName\":\"search_term_string\"}}],\"inLanguage\":\"en-US\"}]}<\/script>\n<!-- \/ Yoast SEO plugin. -->","yoast_head_json":{"title":"Nature around B\u00e4lsesj\u00f6n - B\u00e4lsesj\u00f6n","robots":{"index":"index","follow":"follow","max-snippet":"max-snippet:-1","max-image-preview":"max-image-preview:large","max-video-preview":"max-video-preview:-1"},"canonical":"https:\/\/xn--blsesjn-5wa1o.com\/en\/nature-around-baelesjoen\/","og_locale":"en_US","og_type":"article","og_title":"Nature around B\u00e4lsesj\u00f6n - B\u00e4lsesj\u00f6n","og_description":"J\u00e4rvs\u00f6 Zoo Very beautiful zoo! www.jarvzoo.se \u201cStenegar\u201d in J\u00e4rvs\u00f6 Almost every Sunday in the summer a Gant (auction) takes place. Beautiful park for walking, linen goods, stores, cafe, pottery and herbs. www.stenegard.com Hiking in the Nationalpark im National park H\u00f6llik near Hudiksvall www.alltrails.com Visit the city of S\u00f6derhamn Located directly at the sea with a [&hellip;]","og_url":"https:\/\/xn--blsesjn-5wa1o.com\/en\/nature-around-baelesjoen\/","og_site_name":"B\u00e4lsesj\u00f6n","article_modified_time":"2024-01-26T07:24:34+00:00","og_image":[{"url":"https:\/\/xn--blsesjn-5wa1o.com\/wp-content\/uploads\/2021\/09\/Stenegar-1024x573.jpg","type":"","width":"","height":""}],"twitter_card":"summary_large_image","twitter_misc":{"Est. reading time":"3 minutes"},"schema":{"@context":"https:\/\/schema.org","@graph":[{"@type":"WebPage","@id":"https:\/\/xn--blsesjn-5wa1o.com\/en\/nature-around-baelesjoen\/","url":"https:\/\/xn--blsesjn-5wa1o.com\/en\/nature-around-baelesjoen\/","name":"Nature around B\u00e4lsesj\u00f6n - B\u00e4lsesj\u00f6n","isPartOf":{"@id":"https:\/\/xn--blsesjn-5wa1o.com\/#website"},"primaryImageOfPage":{"@id":"https:\/\/xn--blsesjn-5wa1o.com\/en\/nature-around-baelesjoen\/#primaryimage"},"image":{"@id":"https:\/\/xn--blsesjn-5wa1o.com\/en\/nature-around-baelesjoen\/#primaryimage"},"thumbnailUrl":"https:\/\/xn--blsesjn-5wa1o.com\/wp-content\/uploads\/2021\/09\/Stenegar-1024x573.jpg","datePublished":"2021-09-30T09:43:06+00:00","dateModified":"2024-01-26T07:24:34+00:00","breadcrumb":{"@id":"https:\/\/xn--blsesjn-5wa1o.com\/en\/nature-around-baelesjoen\/#breadcrumb"},"inLanguage":"en-US","potentialAction":[{"@type":"ReadAction","target":["https:\/\/xn--blsesjn-5wa1o.com\/en\/nature-around-baelesjoen\/"]}]},{"@type":"ImageObject","inLanguage":"en-US","@id":"https:\/\/xn--blsesjn-5wa1o.com\/en\/nature-around-baelesjoen\/#primaryimage","url":"https:\/\/xn--blsesjn-5wa1o.com\/wp-content\/uploads\/2021\/09\/Stenegar-1024x573.jpg","contentUrl":"https:\/\/xn--blsesjn-5wa1o.com\/wp-content\/uploads\/2021\/09\/Stenegar-1024x573.jpg"},{"@type":"BreadcrumbList","@id":"https:\/\/xn--blsesjn-5wa1o.com\/en\/nature-around-baelesjoen\/#breadcrumb","itemListElement":[{"@type":"ListItem","position":1,"name":"Startseite","item":"https:\/\/xn--blsesjn-5wa1o.com\/en\/"},{"@type":"ListItem","position":2,"name":"Nature around B\u00e4lsesj\u00f6n"}]},{"@type":"WebSite","@id":"https:\/\/xn--blsesjn-5wa1o.com\/#website","url":"https:\/\/xn--blsesjn-5wa1o.com\/","name":"B\u00e4lsesj\u00f6n","description":"Ferienhaus in Schweden am See","potentialAction":[{"@type":"SearchAction","target":{"@type":"EntryPoint","urlTemplate":"https:\/\/xn--blsesjn-5wa1o.com\/?s={search_term_string}"},"query-input":{"@type":"PropertyValueSpecification","valueRequired":true,"valueName":"search_term_string"}}],"inLanguage":"en-US"}]}},"_links":{"self":[{"href":"https:\/\/xn--blsesjn-5wa1o.com\/en\/wp-json\/wp\/v2\/pages\/2613","targetHints":{"allow":["GET"]}}],"collection":[{"href":"https:\/\/xn--blsesjn-5wa1o.com\/en\/wp-json\/wp\/v2\/pages"}],"about":[{"href":"https:\/\/xn--blsesjn-5wa1o.com\/en\/wp-json\/wp\/v2\/types\/page"}],"author":[{"embeddable":true,"href":"https:\/\/xn--blsesjn-5wa1o.com\/en\/wp-json\/wp\/v2\/users\/1"}],"replies":[{"embeddable":true,"href":"https:\/\/xn--blsesjn-5wa1o.com\/en\/wp-json\/wp\/v2\/comments?post=2613"}],"version-history":[{"count":16,"href":"https:\/\/xn--blsesjn-5wa1o.com\/en\/wp-json\/wp\/v2\/pages\/2613\/revisions"}],"predecessor-version":[{"id":3635,"href":"https:\/\/xn--blsesjn-5wa1o.com\/en\/wp-json\/wp\/v2\/pages\/2613\/revisions\/3635"}],"wp:attachment":[{"href":"https:\/\/xn--blsesjn-5wa1o.com\/en\/wp-json\/wp\/v2\/media?parent=2613"}],"curies":[{"name":"wp","href":"https:\/\/api.w.org\/{rel}","templated":true}]}}