




{"id":2535,"date":"2021-09-23T15:16:55","date_gmt":"2021-09-23T15:16:55","guid":{"rendered":"https:\/\/xn--blsesjn-5wa1o.com\/hyresavtal-och-betalningsvillkor\/"},"modified":"2024-01-26T07:24:29","modified_gmt":"2024-01-26T07:24:29","slug":"hyresavtal-och-betalningsvillkor","status":"publish","type":"page","link":"https:\/\/xn--blsesjn-5wa1o.com\/sv\/hyresavtal-och-betalningsvillkor\/","title":{"rendered":"Hyresavtal och betalningsvillkor"},"content":{"rendered":"\n<div class=\"wp-block-columns is-layout-flex wp-container-core-columns-is-layout-9d6595d7 wp-block-columns-is-layout-flex\">\n<div class=\"wp-block-column inhaltsverzeichnis is-layout-flow wp-block-column-is-layout-flow\">\n<p><a href=\"#buchung\" data-type=\"internal\" data-id=\"#buchung\">1. Bokning<\/a><br\/><a href=\"#datenschutz\" data-type=\"internal\">2. Dataskydd vid bokning via denna webbplats<\/a><br\/><a href=\"#reise\" data-type=\"internal\" data-id=\"#reise\">3. Ankomst \/ Avresa<\/a><br\/><a href=\"#ausstattung\" data-type=\"internal\" data-id=\"#ausstattung\">4. Inredning<\/a><br\/><a href=\"#nebenkosten\" data-type=\"internal\" data-id=\"#nebenkosten\">5. Serviceavgifter<\/a><br\/><a href=\"#wohnmobile\" data-type=\"internal\" data-id=\"#wohnmobile\">6. Husbilar<\/a><br\/><a href=\"#schaeden\" data-type=\"internal\" data-id=\"#schaeden\">7. Skador<\/a><br\/><a href=\"#haftung\" data-type=\"internal\" data-id=\"#haftung\">8. Ansvar<\/a><\/p>\n<\/div>\n\n\n\n<div class=\"wp-block-column is-layout-flow wp-block-column-is-layout-flow\">\n<p class=\"inhaltsverzeichnis\"><a href=\"#haustiere\" data-type=\"internal\" data-id=\"#haustiere\">9. Husdjur<\/a><br\/><a href=\"#zahlungskonditionen\" data-type=\"internal\" data-id=\"#zahlungskonditionen\">10. Betalningsvillkor<\/a><br\/><a href=\"#kaution\" data-type=\"internal\" data-id=\"#kaution\">11. Deposition<\/a><br\/><a href=\"#stornierung\" data-type=\"internal\" data-id=\"#stornierung\">12. Annullering<\/a><br\/><meta charset=\"utf-8\"\/><a href=\"#buchungsverschiebung\" data-type=\"internal\" data-id=\"#buchungsverschiebung\">13. F\u00f6rskjutning av bokningar<\/a><br\/><meta charset=\"utf-8\"\/><a href=\"#rechtliches\" data-type=\"internal\" data-id=\"#rechtliches\">14. R\u00e4ttsligt<\/a><br\/><meta charset=\"utf-8\"\/><a href=\"#empfehlung\" data-type=\"internal\" data-id=\"#empfehlung\">15. Rekommendation<\/a><\/p>\n<\/div>\n<\/div>\n\n<h2 class=\"wp-block-heading\" id=\"buchung\">1. Bokning<\/h2>\n\n<p>Det bokade semesterhuset kommer att reserveras f\u00f6r dig f\u00f6r den angivna tidsperioden. Med din betalning bekr\u00e4ftar du den definitiva bokningen och \u00f6verenskommelsen om hyresarrangemanget. <\/p>\n\n<h2 class=\"wp-block-heading\" id=\"datenschutz\">2. Dataskydd vid bokning via denna webbplats<\/h2>\n\n<p>N\u00e4r du bokar ett semesterhus via den h\u00e4r webbplatsen kommer personuppgifter om dig att samlas in, lagras och delas vid behov. Genom att godk\u00e4nna detta hyresavtal godk\u00e4nner du ocks\u00e5 v\u00e5r <a href=\"https:\/\/xn--blsesjn-5wa1o.com\/sv\/integritetspolicy\/\" target=\"_blank\" rel=\"noreferrer noopener\">sekretesspolicy<\/a>. <\/p>\n\n<h2 class=\"wp-block-heading\" id=\"reise\">3. Ankomst \/ Avresa<\/h2>\n\n<p><strong>Incheckning:<\/strong> P\u00e5 ankomstdagen \u00e4r semesterhuset tillg\u00e4ngligt tidigast fr\u00e5n <strong>kl. 15.00<\/strong> eller enligt \u00f6verenskommelse med hyresv\u00e4rden.<\/p>\n\n<p><strong>Utcheckning:<\/strong> P\u00e5 avresedagen ber vi dig att l\u00e4mna stugan senast <strong>kl. 10.00<\/strong> i ett soprent skick, om inget annat har avtalats med hyresv\u00e4rden.<\/p>\n\n<h2 class=\"wp-block-heading\" id=\"ausstattung\">4. Inredning<\/h2>\n\n<p>Huset \u00e4r vinterbonat, har central varmvattenf\u00f6rs\u00f6rjning och \u00e4r fullt m\u00f6blerat,. Roddb\u00e5t, W-Lan, Badtunna och bastu ing\u00e5r i hyran.  <\/p>\n\n<h2 class=\"wp-block-heading\" id=\"nebenkosten\">5. Serviceavgifter<\/h2>\n\n<p>Servisavgifterna (el, vatten, ved) ing\u00e5r i hyran.<\/p>\n\n<h2 class=\"wp-block-heading\" id=\"wohnmobile\">6. Husbilar<\/h2>\n\n<p>Vi har inte tillst\u00e5nd f\u00f6r ytterligare \u00f6vernattningar eller g\u00e4ster i husbilar. Vi ber v\u00e5ra g\u00e4ster att respektera detta. <\/p>\n\n<h2 class=\"wp-block-heading\" id=\"schaeden\">7. Skador<\/h2>\n\n<p>Hyresg\u00e4sten \u00e4r ansvarig f\u00f6r alla skador och f\u00f6rluster p\u00e5 hyresobjektet eller inredningen som orsakats under upps\u00e5t eller oaktsamhet av hyresg\u00e4sten eller hyresg\u00e4stens medresande. Hyresg\u00e4sten \u00e4r tvungen att omedelbart meddela skada till hyresv\u00e4rden. Eventuella skador ska repareras eller ers\u00e4ttas.  <\/p>\n\n<h2 class=\"wp-block-heading\" id=\"haftung\">8. Ansvar<\/h2>\n\n<p>Du ansvarar f\u00f6r att delta i sport- och andra semesteraktiviteter i och runt sj\u00f6n. Du b\u00f6r kontrollera utrustning, lekredskap och fordon innan du anv\u00e4nder dem. \u00c4garna ansvarar inte f\u00f6r olyckor som intr\u00e4ffar under semesteraktiviteter eller p\u00e5 Belse 3570\/3572:s omr\u00e5de. Vi rekommenderar att du tecknar en l\u00e4mplig olycksfallsf\u00f6rs\u00e4kring om du inte redan har en s\u00e5dan.   <\/p>\n\n<h2 class=\"wp-block-heading\" id=\"haustiere\">9. Husdjur<\/h2>\n\n<p>Det \u00e4r till\u00e5tet at ta med sig hundar. Om du inte har din hund fullt under kontroll m\u00e5ste du koppla den av h\u00e4nsyn till grannar och andra g\u00e4ster. Respektive hyresg\u00e4st ansvarar f\u00f6r eventuella skrapskador, fl\u00e4ckar p\u00e5 mattor, m\u00f6bler osv. Observera att huset m\u00e5ste reng\u00f6ras fr\u00e5n djurh\u00e5r f\u00f6re avresan, \u00e4ven om slutst\u00e4dning ing\u00e5r. Vi ber dig att inte ta med din hund in i sovrummet av h\u00e4nsyn till n\u00e4stkommande hyresg\u00e4ster. Observera de veterin\u00e4ra best\u00e4mmelserna f\u00f6r inresan till Sverige. F\u00e5r n\u00e4rvarande m\u00e5ste varje husdjur ha ett veterin\u00e4rintyg som visar att det har vaccinerats mot rabies minst en m\u00e5nad och h\u00f6gst tolv m\u00e5nader f\u00f6re ankomsten. Andra husdjur p\u00e5 beg\u00e4ran.   <\/p>\n\n<p>L\u00e4s mer p\u00e5 Jordbruksverkets hemsida ang\u00e5ende inresa till Sverige med husdjur: https:\/\/djur.jordbruksverket.se\/amnesomraden\/djur\/resorochtransporter\/hundarkatterochillrar\/reseguideforhundarochkatter.4.7dc0fafe14e39f52f4876d56.html P\u00e5 Tullverkets hemsida kan du registrera din hund p\u00e5 n\u00e4tet: https:\/\/www.tullverket.se\/4.7df61c5915510cfe9e7107bc.html https:\/\/www.tullverket.se\/sv\/privat\/resa\/resameddjur\/resamedhundellerkatt.4.7df61c5915510cfe9e7107ce.html  <\/p>\n\n<h2 class=\"wp-block-heading\" id=\"zahlungskonditionen\">10. Betalningsvillkor<\/h2>\n\n<p>Fakturabeloppet ska betalas direkt vid bokningstillf\u00e4llet.<\/p>\n\n<h2 class=\"wp-block-heading\" id=\"kaution\">11. Deposition<\/h2>\n\n<p>Vi litar p\u00e5 dig och avst\u00e5r medvetet fr\u00e5n en deposition. Meddela oss om n\u00e5got \u00e4r trasigt. Tack s\u00e5 mycket.  <\/p>\n\n<h2 class=\"wp-block-heading\" id=\"stornierung\">12. Annullering<\/h2>\n\n<p>Om du \u00e5ngrar hyresavtalet eller om en ers\u00e4ttare inte p\u00e5b\u00f6rjar resan, debitera vi f\u00f6ljande avbokningsavgifter:<\/p>\n\n<ul class=\"wp-block-list\">\n<li>Fr\u00e5n bokningsdatumet till 30 dagar innan ankomstdagen: 30% av hyreskostnaden, dock minst DEK 1000:- <\/li>\n\n\n\n<li>29 till 3 dagar f\u00f6re ankomstdagen: 80% av hyreskostnaden, dock minst SEK 1000:- <\/li>\n\n\n\n<li>Vid senare avbokning eller ingen ankomst: 100% av hyreskostnaden<\/li>\n<\/ul>\n\n<p>Upps\u00e4gningen tr\u00e4der i kraft den dag vi tar emot den. Om objektet \u00f6vertas f\u00f6r sent \u00e4r hela fakturabeloppet fortfarande skyldigt. <\/p>\n\n<h2 class=\"wp-block-heading\" id=\"buchungsverschiebung\">13. F\u00f6rskjutning av bokningar<\/h2>\n\n<p>I enlighet med den svenska konsumentskyddslagen \u00e4r \u00e4garen inte skyldig att skjuta p\u00e5 bokade datum eller bokningar och inte heller att \u00e5terkreditera gjorda depositioner &#8211; s\u00e5vida inte detta har \u00f6verenskommits direkt med \u00e4garna som en gest av god vilja.<\/p>\n\n<h2 class=\"wp-block-heading\" id=\"rechtliches\">14. R\u00e4ttsligt<\/h2>\n\n<p>Hyresavtalen omfattas av svenskt konsumentskydd. I h\u00e4ndelse av en r\u00e4ttslig tvist ska svensk lag till\u00e4mpas. Dessa villkor g\u00e4ller f\u00f6r direkta bokningar via webbplatsen www.belsesj\u00f6n.com.  <\/p>\n\n<h2 class=\"wp-block-heading\" id=\"empfehlung\">15. Rekommendation<\/h2>\n\n<p><strong>Vi rekommenderar att du tecknar en avbest\u00e4llnings- eller resef\u00f6rs\u00e4kring.<\/strong><\/p>\n\n<p><\/p>\n\n<p><\/p>\n","protected":false},"excerpt":{"rendered":"<p>1. Bokning2. Dataskydd vid bokning via denna webbplats3. Ankomst \/ Avresa4. Inredning5. Serviceavgifter6. Husbilar7. Skador8. Ansvar 9. Husdjur10. Betalningsvillkor11. Deposition12. Annullering13. F\u00f6rskjutning av bokningar14. R\u00e4ttsligt15. Rekommendation 1. Bokning Det bokade semesterhuset kommer att reserveras f\u00f6r dig f\u00f6r den angivna tidsperioden. Med din betalning bekr\u00e4ftar du den definitiva bokningen och \u00f6verenskommelsen om hyresarrangemanget. 2. Dataskydd vid [&hellip;]<\/p>\n","protected":false},"author":1,"featured_media":0,"parent":0,"menu_order":0,"comment_status":"closed","ping_status":"closed","template":"","meta":{"inline_featured_image":false,"footnotes":""},"class_list":["post-2535","page","type-page","status-publish","hentry"],"yoast_head":"<!-- This site is optimized with the Yoast SEO plugin v26.2 - https:\/\/yoast.com\/wordpress\/plugins\/seo\/ -->\n<title>Hyresavtal och betalningsvillkor - B\u00e4lsesj\u00f6n<\/title>\n<meta name=\"robots\" content=\"index, follow, max-snippet:-1, max-image-preview:large, max-video-preview:-1\" \/>\n<link rel=\"canonical\" href=\"https:\/\/xn--blsesjn-5wa1o.com\/sv\/hyresavtal-och-betalningsvillkor\/\" \/>\n<meta property=\"og:locale\" content=\"sv_SE\" \/>\n<meta property=\"og:type\" content=\"article\" \/>\n<meta property=\"og:title\" content=\"Hyresavtal och betalningsvillkor - B\u00e4lsesj\u00f6n\" \/>\n<meta property=\"og:description\" content=\"1. Bokning2. Dataskydd vid bokning via denna webbplats3. Ankomst \/ Avresa4. Inredning5. Serviceavgifter6. Husbilar7. Skador8. Ansvar 9. Husdjur10. Betalningsvillkor11. Deposition12. Annullering13. F\u00f6rskjutning av bokningar14. R\u00e4ttsligt15. Rekommendation 1. Bokning Det bokade semesterhuset kommer att reserveras f\u00f6r dig f\u00f6r den angivna tidsperioden. Med din betalning bekr\u00e4ftar du den definitiva bokningen och \u00f6verenskommelsen om hyresarrangemanget. 2. Dataskydd vid [&hellip;]\" \/>\n<meta property=\"og:url\" content=\"https:\/\/xn--blsesjn-5wa1o.com\/sv\/hyresavtal-och-betalningsvillkor\/\" \/>\n<meta property=\"og:site_name\" content=\"B\u00e4lsesj\u00f6n\" \/>\n<meta property=\"article:modified_time\" content=\"2024-01-26T07:24:29+00:00\" \/>\n<meta name=\"twitter:card\" content=\"summary_large_image\" \/>\n<meta name=\"twitter:label1\" content=\"Ber\u00e4knad l\u00e4stid\" \/>\n\t<meta name=\"twitter:data1\" content=\"4 minuter\" \/>\n<script type=\"application\/ld+json\" class=\"yoast-schema-graph\">{\"@context\":\"https:\/\/schema.org\",\"@graph\":[{\"@type\":\"WebPage\",\"@id\":\"https:\/\/xn--blsesjn-5wa1o.com\/sv\/hyresavtal-och-betalningsvillkor\/\",\"url\":\"https:\/\/xn--blsesjn-5wa1o.com\/sv\/hyresavtal-och-betalningsvillkor\/\",\"name\":\"Hyresavtal och betalningsvillkor - B\u00e4lsesj\u00f6n\",\"isPartOf\":{\"@id\":\"https:\/\/xn--blsesjn-5wa1o.com\/#website\"},\"datePublished\":\"2021-09-23T15:16:55+00:00\",\"dateModified\":\"2024-01-26T07:24:29+00:00\",\"breadcrumb\":{\"@id\":\"https:\/\/xn--blsesjn-5wa1o.com\/sv\/hyresavtal-och-betalningsvillkor\/#breadcrumb\"},\"inLanguage\":\"sv-SE\",\"potentialAction\":[{\"@type\":\"ReadAction\",\"target\":[\"https:\/\/xn--blsesjn-5wa1o.com\/sv\/hyresavtal-och-betalningsvillkor\/\"]}]},{\"@type\":\"BreadcrumbList\",\"@id\":\"https:\/\/xn--blsesjn-5wa1o.com\/sv\/hyresavtal-och-betalningsvillkor\/#breadcrumb\",\"itemListElement\":[{\"@type\":\"ListItem\",\"position\":1,\"name\":\"Startseite\",\"item\":\"https:\/\/xn--blsesjn-5wa1o.com\/sv\/\"},{\"@type\":\"ListItem\",\"position\":2,\"name\":\"Hyresavtal och betalningsvillkor\"}]},{\"@type\":\"WebSite\",\"@id\":\"https:\/\/xn--blsesjn-5wa1o.com\/#website\",\"url\":\"https:\/\/xn--blsesjn-5wa1o.com\/\",\"name\":\"B\u00e4lsesj\u00f6n\",\"description\":\"Ferienhaus in Schweden am See\",\"potentialAction\":[{\"@type\":\"SearchAction\",\"target\":{\"@type\":\"EntryPoint\",\"urlTemplate\":\"https:\/\/xn--blsesjn-5wa1o.com\/?s={search_term_string}\"},\"query-input\":{\"@type\":\"PropertyValueSpecification\",\"valueRequired\":true,\"valueName\":\"search_term_string\"}}],\"inLanguage\":\"sv-SE\"}]}<\/script>\n<!-- \/ Yoast SEO plugin. -->","yoast_head_json":{"title":"Hyresavtal och betalningsvillkor - B\u00e4lsesj\u00f6n","robots":{"index":"index","follow":"follow","max-snippet":"max-snippet:-1","max-image-preview":"max-image-preview:large","max-video-preview":"max-video-preview:-1"},"canonical":"https:\/\/xn--blsesjn-5wa1o.com\/sv\/hyresavtal-och-betalningsvillkor\/","og_locale":"sv_SE","og_type":"article","og_title":"Hyresavtal och betalningsvillkor - B\u00e4lsesj\u00f6n","og_description":"1. Bokning2. Dataskydd vid bokning via denna webbplats3. Ankomst \/ Avresa4. Inredning5. Serviceavgifter6. Husbilar7. Skador8. Ansvar 9. Husdjur10. Betalningsvillkor11. Deposition12. Annullering13. F\u00f6rskjutning av bokningar14. R\u00e4ttsligt15. Rekommendation 1. Bokning Det bokade semesterhuset kommer att reserveras f\u00f6r dig f\u00f6r den angivna tidsperioden. Med din betalning bekr\u00e4ftar du den definitiva bokningen och \u00f6verenskommelsen om hyresarrangemanget. 2. Dataskydd vid [&hellip;]","og_url":"https:\/\/xn--blsesjn-5wa1o.com\/sv\/hyresavtal-och-betalningsvillkor\/","og_site_name":"B\u00e4lsesj\u00f6n","article_modified_time":"2024-01-26T07:24:29+00:00","twitter_card":"summary_large_image","twitter_misc":{"Ber\u00e4knad l\u00e4stid":"4 minuter"},"schema":{"@context":"https:\/\/schema.org","@graph":[{"@type":"WebPage","@id":"https:\/\/xn--blsesjn-5wa1o.com\/sv\/hyresavtal-och-betalningsvillkor\/","url":"https:\/\/xn--blsesjn-5wa1o.com\/sv\/hyresavtal-och-betalningsvillkor\/","name":"Hyresavtal och betalningsvillkor - B\u00e4lsesj\u00f6n","isPartOf":{"@id":"https:\/\/xn--blsesjn-5wa1o.com\/#website"},"datePublished":"2021-09-23T15:16:55+00:00","dateModified":"2024-01-26T07:24:29+00:00","breadcrumb":{"@id":"https:\/\/xn--blsesjn-5wa1o.com\/sv\/hyresavtal-och-betalningsvillkor\/#breadcrumb"},"inLanguage":"sv-SE","potentialAction":[{"@type":"ReadAction","target":["https:\/\/xn--blsesjn-5wa1o.com\/sv\/hyresavtal-och-betalningsvillkor\/"]}]},{"@type":"BreadcrumbList","@id":"https:\/\/xn--blsesjn-5wa1o.com\/sv\/hyresavtal-och-betalningsvillkor\/#breadcrumb","itemListElement":[{"@type":"ListItem","position":1,"name":"Startseite","item":"https:\/\/xn--blsesjn-5wa1o.com\/sv\/"},{"@type":"ListItem","position":2,"name":"Hyresavtal och betalningsvillkor"}]},{"@type":"WebSite","@id":"https:\/\/xn--blsesjn-5wa1o.com\/#website","url":"https:\/\/xn--blsesjn-5wa1o.com\/","name":"B\u00e4lsesj\u00f6n","description":"Ferienhaus in Schweden am See","potentialAction":[{"@type":"SearchAction","target":{"@type":"EntryPoint","urlTemplate":"https:\/\/xn--blsesjn-5wa1o.com\/?s={search_term_string}"},"query-input":{"@type":"PropertyValueSpecification","valueRequired":true,"valueName":"search_term_string"}}],"inLanguage":"sv-SE"}]}},"_links":{"self":[{"href":"https:\/\/xn--blsesjn-5wa1o.com\/sv\/wp-json\/wp\/v2\/pages\/2535","targetHints":{"allow":["GET"]}}],"collection":[{"href":"https:\/\/xn--blsesjn-5wa1o.com\/sv\/wp-json\/wp\/v2\/pages"}],"about":[{"href":"https:\/\/xn--blsesjn-5wa1o.com\/sv\/wp-json\/wp\/v2\/types\/page"}],"author":[{"embeddable":true,"href":"https:\/\/xn--blsesjn-5wa1o.com\/sv\/wp-json\/wp\/v2\/users\/1"}],"replies":[{"embeddable":true,"href":"https:\/\/xn--blsesjn-5wa1o.com\/sv\/wp-json\/wp\/v2\/comments?post=2535"}],"version-history":[{"count":9,"href":"https:\/\/xn--blsesjn-5wa1o.com\/sv\/wp-json\/wp\/v2\/pages\/2535\/revisions"}],"predecessor-version":[{"id":3534,"href":"https:\/\/xn--blsesjn-5wa1o.com\/sv\/wp-json\/wp\/v2\/pages\/2535\/revisions\/3534"}],"wp:attachment":[{"href":"https:\/\/xn--blsesjn-5wa1o.com\/sv\/wp-json\/wp\/v2\/media?parent=2535"}],"curies":[{"name":"wp","href":"https:\/\/api.w.org\/{rel}","templated":true}]}}