




{"id":2547,"date":"2019-06-11T09:41:36","date_gmt":"2019-06-11T09:41:36","guid":{"rendered":"https:\/\/xn--blsesjn-5wa1o.com\/home\/"},"modified":"2024-09-26T15:22:57","modified_gmt":"2024-09-26T15:22:57","slug":"home","status":"publish","type":"page","link":"https:\/\/xn--blsesjn-5wa1o.com\/sv\/","title":{"rendered":"Home"},"content":{"rendered":"\n<div class=\"wp-block-getwid-section alignfull slider-home alignfull getwid-section-content-full-width\" style=\"margin-top:0px;margin-bottom:0px\"><div class=\"wp-block-getwid-section__wrapper\" style=\"padding-top:0px;padding-bottom:0px\"><div class=\"wp-block-getwid-section__inner-wrapper\"><div class=\"wp-block-getwid-section__background-holder\"><div class=\"wp-block-getwid-section__background\"><\/div><div class=\"wp-block-getwid-section__foreground\"><\/div><\/div><div class=\"wp-block-getwid-section__content\"><div class=\"wp-block-getwid-section__inner-content\">\n<div class=\"wp-block-getwid-images-slider has-arrows-inside has-dots-inside has-images-center has-cropped-images\"><div class=\"wp-block-getwid-images-slider__wrapper\" data-effect=\"slide\" data-slides-show=\"1\" data-slides-show-laptop=\"1\" data-slides-show-tablet=\"1\" data-slides-show-mobile=\"1\" data-slides-scroll=\"1\" data-autoplay=\"false\" data-pause-hover=\"false\" data-autoplay-speed=\"6000\" data-infinite=\"true\" data-animation-speed=\"800\" data-center-mode=\"false\" data-variable-width=\"false\" data-arrows=\"inside\" data-dots=\"inside\" data-spacing=\"none\"><div class=\"wp-block-getwid-images-slider__item\"><figure><img loading=\"lazy\" decoding=\"async\" width=\"2560\" height=\"958\" src=\"https:\/\/xn--blsesjn-5wa1o.com\/wp-content\/uploads\/2020\/07\/52-1-scaled.jpg\" data-id=\"1949\" data-link=\"https:\/\/xn--blsesjn-5wa1o.com\/accommodation\/ferienhaus-in-kilafors-am-see\/52-2\/\" data-original-link=\"https:\/\/xn--blsesjn-5wa1o.com\/wp-content\/uploads\/2020\/07\/52-1-scaled.jpg\" class=\"wp-block-getwid-images-slider__image wp-image-1949\" srcset=\"https:\/\/xn--blsesjn-5wa1o.com\/wp-content\/uploads\/2020\/07\/52-1-scaled.jpg 2560w, https:\/\/xn--blsesjn-5wa1o.com\/wp-content\/uploads\/2020\/07\/52-1-300x112.jpg 300w, https:\/\/xn--blsesjn-5wa1o.com\/wp-content\/uploads\/2020\/07\/52-1-1024x383.jpg 1024w, https:\/\/xn--blsesjn-5wa1o.com\/wp-content\/uploads\/2020\/07\/52-1-768x287.jpg 768w, https:\/\/xn--blsesjn-5wa1o.com\/wp-content\/uploads\/2020\/07\/52-1-1536x575.jpg 1536w, https:\/\/xn--blsesjn-5wa1o.com\/wp-content\/uploads\/2020\/07\/52-1-2048x766.jpg 2048w, https:\/\/xn--blsesjn-5wa1o.com\/wp-content\/uploads\/2020\/07\/52-1-1170x438.jpg 1170w\" sizes=\"auto, (max-width: 2560px) 100vw, 2560px\" \/><\/figure><\/div><\/div><\/div>\n<\/div><\/div><\/div><\/div><\/div>\n\n\n\n<div class=\"wp-block-getwid-section alignfull alignfull getwid-section-content-full-width\" style=\"margin-top:0px\"><div class=\"wp-block-getwid-section__wrapper\" style=\"padding-top:42px\"><div class=\"wp-block-getwid-section__inner-wrapper\"><div class=\"wp-block-getwid-section__background-holder\"><div class=\"wp-block-getwid-section__background has-background has-gold-background-color\"><\/div><div class=\"wp-block-getwid-section__foreground\"><\/div><\/div><div class=\"wp-block-getwid-section__content\"><div class=\"wp-block-getwid-section__inner-content\"><\/div><\/div><\/div><\/div><\/div>\n\n\n\n<div class=\"wp-block-getwid-section alignfull alignfull\" style=\"margin-top:5px;margin-bottom:68px\"><div class=\"wp-block-getwid-section__wrapper getwid-padding-top-none getwid-padding-left-medium getwid-padding-right-medium getwid-padding-mobile-left-small getwid-padding-mobile-right-small\" style=\"padding-bottom:39px\"><div class=\"wp-block-getwid-section__inner-wrapper\"><div class=\"wp-block-getwid-section__background-holder\"><div class=\"wp-block-getwid-section__background\"><\/div><div class=\"wp-block-getwid-section__foreground\"><\/div><\/div><div class=\"wp-block-getwid-section__content\"><div class=\"wp-block-getwid-section__inner-content\">\n<div style=\"height:97px\" aria-hidden=\"true\" class=\"wp-block-spacer\"><\/div>\n\n\n\n<div class=\"wp-block-columns are-vertically-aligned-top has-2-columns is-layout-flex wp-container-core-columns-is-layout-9d6595d7 wp-block-columns-is-layout-flex\">\n<div class=\"wp-block-column is-vertically-aligned-top is-layout-flow wp-block-column-is-layout-flow\">\n<div style=\"height:13px\" aria-hidden=\"true\" class=\"wp-block-spacer\"><\/div>\n\n\n\n<div class=\"wp-block-getwid-images-slider has-arrows-none has-dots-inside has-images-center has-cropped-images\"><div class=\"wp-block-getwid-images-slider__wrapper\" data-effect=\"slide\" data-slides-show=\"1\" data-slides-show-laptop=\"1\" data-slides-show-tablet=\"1\" data-slides-show-mobile=\"1\" data-slides-scroll=\"1\" data-autoplay=\"false\" data-autoplay-speed=\"6000\" data-infinite=\"true\" data-animation-speed=\"800\" data-center-mode=\"false\" data-variable-width=\"false\" data-arrows=\"none\" data-dots=\"inside\" data-spacing=\"none\"><div class=\"wp-block-getwid-images-slider__item\"><figure><img loading=\"lazy\" decoding=\"async\" width=\"2560\" height=\"1920\" src=\"https:\/\/xn--blsesjn-5wa1o.com\/wp-content\/uploads\/2024\/01\/20230921_122607-scaled.jpg\" alt=\"Unser G\u00e4stehaus am B\u00e4lsesj\u00f6n in Belse, Kilafors.\" data-id=\"3478\" data-link=\"https:\/\/xn--blsesjn-5wa1o.com\/20230921_122607\/\" data-original-link=\"https:\/\/xn--blsesjn-5wa1o.com\/wp-content\/uploads\/2024\/01\/20230921_122607-scaled.jpg\" class=\"wp-block-getwid-images-slider__image wp-image-3478\" srcset=\"https:\/\/xn--blsesjn-5wa1o.com\/wp-content\/uploads\/2024\/01\/20230921_122607-scaled.jpg 2560w, https:\/\/xn--blsesjn-5wa1o.com\/wp-content\/uploads\/2024\/01\/20230921_122607-300x225.jpg 300w, https:\/\/xn--blsesjn-5wa1o.com\/wp-content\/uploads\/2024\/01\/20230921_122607-1024x768.jpg 1024w, https:\/\/xn--blsesjn-5wa1o.com\/wp-content\/uploads\/2024\/01\/20230921_122607-768x576.jpg 768w, https:\/\/xn--blsesjn-5wa1o.com\/wp-content\/uploads\/2024\/01\/20230921_122607-1536x1152.jpg 1536w, https:\/\/xn--blsesjn-5wa1o.com\/wp-content\/uploads\/2024\/01\/20230921_122607-2048x1536.jpg 2048w, https:\/\/xn--blsesjn-5wa1o.com\/wp-content\/uploads\/2024\/01\/20230921_122607-1170x878.jpg 1170w\" sizes=\"auto, (max-width: 2560px) 100vw, 2560px\" \/><figcaption class=\"wp-block-getwid-images-slider__caption\">Unser G\u00e4stehaus am B\u00e4lsesj\u00f6n in Belse, Kilafors.<\/figcaption><\/figure><\/div><div class=\"wp-block-getwid-images-slider__item\"><figure><img loading=\"lazy\" decoding=\"async\" width=\"1400\" height=\"918\" src=\"https:\/\/xn--blsesjn-5wa1o.com\/wp-content\/uploads\/2021\/10\/Sommerhaus-2.jpg\" data-id=\"2717\" data-link=\"https:\/\/xn--blsesjn-5wa1o.com\/home\/sommerhaus-2\/\" data-original-link=\"https:\/\/xn--blsesjn-5wa1o.com\/wp-content\/uploads\/2021\/10\/Sommerhaus-2.jpg\" class=\"wp-block-getwid-images-slider__image wp-image-2717\" srcset=\"https:\/\/xn--blsesjn-5wa1o.com\/wp-content\/uploads\/2021\/10\/Sommerhaus-2.jpg 1400w, https:\/\/xn--blsesjn-5wa1o.com\/wp-content\/uploads\/2021\/10\/Sommerhaus-2-300x197.jpg 300w, https:\/\/xn--blsesjn-5wa1o.com\/wp-content\/uploads\/2021\/10\/Sommerhaus-2-1024x671.jpg 1024w, https:\/\/xn--blsesjn-5wa1o.com\/wp-content\/uploads\/2021\/10\/Sommerhaus-2-768x504.jpg 768w, https:\/\/xn--blsesjn-5wa1o.com\/wp-content\/uploads\/2021\/10\/Sommerhaus-2-1170x767.jpg 1170w\" sizes=\"auto, (max-width: 1400px) 100vw, 1400px\" \/><\/figure><\/div><div class=\"wp-block-getwid-images-slider__item\"><figure><img loading=\"lazy\" decoding=\"async\" width=\"1400\" height=\"918\" src=\"https:\/\/xn--blsesjn-5wa1o.com\/wp-content\/uploads\/2021\/10\/Sommerhaus-3.jpg\" data-id=\"2714\" data-link=\"https:\/\/xn--blsesjn-5wa1o.com\/home\/sommerhaus-3\/\" data-original-link=\"https:\/\/xn--blsesjn-5wa1o.com\/wp-content\/uploads\/2021\/10\/Sommerhaus-3.jpg\" class=\"wp-block-getwid-images-slider__image wp-image-2714\" srcset=\"https:\/\/xn--blsesjn-5wa1o.com\/wp-content\/uploads\/2021\/10\/Sommerhaus-3.jpg 1400w, https:\/\/xn--blsesjn-5wa1o.com\/wp-content\/uploads\/2021\/10\/Sommerhaus-3-300x197.jpg 300w, https:\/\/xn--blsesjn-5wa1o.com\/wp-content\/uploads\/2021\/10\/Sommerhaus-3-1024x671.jpg 1024w, https:\/\/xn--blsesjn-5wa1o.com\/wp-content\/uploads\/2021\/10\/Sommerhaus-3-768x504.jpg 768w, https:\/\/xn--blsesjn-5wa1o.com\/wp-content\/uploads\/2021\/10\/Sommerhaus-3-1170x767.jpg 1170w\" sizes=\"auto, (max-width: 1400px) 100vw, 1400px\" \/><\/figure><\/div><\/div><\/div>\n<\/div>\n\n\n\n<div class=\"wp-block-column is-vertically-aligned-top is-layout-flow wp-block-column-is-layout-flow\">\n<h2 class=\"wp-block-heading\">Stuga vid sj\u00f6n<\/h2>\n\n\n\n<p>Varmt v\u00e4lkommen till B\u00e4lsesj\u00f6n!<\/p>\n\n\n\n<p>V\u00e5rt g\u00e4sthus v\u00e4lkomnar dig mitt i or\u00f6rd natur med en m\u00e5ngsidig utsikt \u00f6ver sj\u00f6n, endast cirka 4 km fr\u00e5n den charmiga byn Kilafors.<\/p>\n\n\n\n<p>L\u00e4ngtar du efter lugn och avkoppling? \u00c4lskar du naturens m\u00e5ngfald? Dr\u00f6mmer du om en paus i en mysig stuga i Sverige? D\u00e5 \u00e4r du precis r\u00e4tt hos oss!<\/p>\n\n\n\n<p>Uppt\u00e4ck sp\u00e4nnande utflyktsm\u00f6jligheter i omr\u00e5det \u2013 n\u00e4rheten till staden Bolln\u00e4s lovar ytterligare variation<\/p>\n\n\n\n<div class=\"wp-block-columns is-layout-flex wp-container-core-columns-is-layout-9d6595d7 wp-block-columns-is-layout-flex\">\n<div class=\"wp-block-column is-layout-flow wp-block-column-is-layout-flow\"><div class=\"mphb_sc_room-wrapper \"><div class=\"mphb-room-type post-2576 mphb_room_type type-mphb_room_type status-publish has-post-thumbnail mphb_room_type_category-ferienhaus-sv mphb-room-type-adults-4 mphb-room-type-children-0 \">\n\n\t\n\t\n<div class=\"mphb-to-book-btn-wrapper\">\n<form action=\"https:\/\/xn--blsesjn-5wa1o.com\/sv\/accommodation\/sommarhus-i-kilafors-vid-sjoen\/#booking-form-2576\" method=\"get\" ><button type=\"submit\" class=\"button mphb-book-button\" >Boka<\/button><\/form>\n<br\/><\/div>\n\t\n<\/div>\n<\/div><\/div>\n<\/div>\n<\/div>\n<\/div>\n<\/div><\/div><\/div><\/div><\/div>\n\n\n\n<div class=\"wp-block-getwid-section alignfull alignfull, entwurf alignfull getwid-margin-top-none getwid-margin-bottom-none\"><div class=\"wp-block-getwid-section__wrapper getwid-padding-top-none getwid-padding-bottom-normal getwid-padding-left-medium getwid-padding-right-medium\"><div class=\"wp-block-getwid-section__inner-wrapper\"><div class=\"wp-block-getwid-section__background-holder\"><div class=\"wp-block-getwid-section__background\"><\/div><div class=\"wp-block-getwid-section__foreground\"><\/div><\/div><div class=\"wp-block-getwid-section__content\"><div class=\"wp-block-getwid-section__inner-content\">\n<div class=\"wp-block-getwid-advanced-heading is-style-style-1 has-custom-font-size\" style=\"font-size:12px;margin-bottom:0px\"><p class=\"wp-block-getwid-advanced-heading__content has-text-color has-gold-color\" style=\"text-transform:uppercase;letter-spacing:0.1em\">ALLT OM G\u00c4STHUSET<\/p><\/div>\n\n\n\n<div class=\"wp-block-getwid-advanced-heading\" style=\"margin-bottom:0px;margin-top:10px\"><h2 class=\"wp-block-getwid-advanced-heading__content\" style=\"padding-bottom:40px\">Nyheter<\/h2><\/div>\n\n\n\n<p><\/p>\n\n\n\n\t\t<div class=\"wp-block-getwid-recent-posts has-layout-grid has-cropped-images\">\n\t\t\t<div class=\"wp-block-getwid-recent-posts__wrapper getwid-columns getwid-columns-3\">\n\t\t\t\t<p>Nothing found.<\/p>\t\t\t<\/div>\n\t\t<\/div>\n\t\t\n\n\n<p class=\"has-text-align-center\"><a href=\"https:\/\/xn--blsesjn-5wa1o.com\/sv\/baelsesjoen-blog\/\" data-type=\"URL\">\u00bb visa alla artiklar<\/a><\/p>\n<\/div><\/div><\/div><\/div><\/div>\n\n\n\n<div class=\"wp-block-getwid-section alignfull alignfull getwid-margin-bottom-none\"><div class=\"wp-block-getwid-section__wrapper getwid-padding-left-medium getwid-padding-right-medium getwid-padding-mobile-left-small getwid-padding-mobile-right-small\" style=\"padding-top:82px;padding-bottom:164px\"><div class=\"wp-block-getwid-section__inner-wrapper\"><div class=\"wp-block-getwid-section__background-holder\"><div class=\"wp-block-getwid-section__background\"><\/div><div class=\"wp-block-getwid-section__foreground\"><\/div><\/div><div class=\"wp-block-getwid-section__content\"><div class=\"wp-block-getwid-section__inner-content\">\n<div class=\"wp-block-columns is-layout-flex wp-container-core-columns-is-layout-9d6595d7 wp-block-columns-is-layout-flex\">\n<div class=\"wp-block-column is-layout-flow wp-block-column-is-layout-flow\">\n<div class=\"wp-block-getwid-advanced-heading is-style-style-1 has-custom-font-size\" style=\"font-size:12px;margin-bottom:0px\"><p class=\"wp-block-getwid-advanced-heading__content has-text-color has-gold-color\" style=\"letter-spacing:0.1em;padding-bottom:0px\">I HJ\u00c4RTAT AV SVERIGE<\/p><\/div>\n\n\n\n<div class=\"wp-block-getwid-advanced-heading\" style=\"margin-top:10px\"><h2 class=\"wp-block-getwid-advanced-heading__content\">Hitta till oss<\/h2><\/div>\n\n\n\n<p><strong>M\u00e5nga v\u00e4gar leder dig till Belse, h\u00e4r \u00e4r n\u00e5gra alternativ:<br><\/strong>(Adress: Belse 3572, 823 91 Kilafors, Sverige)<\/p>\n<\/div>\n\n\n\n<div class=\"wp-block-column is-layout-flow wp-block-column-is-layout-flow\"><\/div>\n<\/div>\n\n\n\n<div class=\"wp-block-columns is-layout-flex wp-container-core-columns-is-layout-9d6595d7 wp-block-columns-is-layout-flex\">\n<div class=\"wp-block-column column-google-maps is-layout-flow wp-block-column-is-layout-flow\">\n<div data-map-zoom=\"5\" data-interaction=\"cooperative\" data-map-style=\"light_dream\" data-map-center=\"{&quot;lat&quot;:59.403400452579774,&quot;lng&quot;:13.892290051777307}\" data-zoom-control=\"true\" data-type-control=\"true\" data-street-view-control=\"true\" data-full-screen-control=\"true\" data-map-markers=\"[{&quot;name&quot;:&quot;B\u00e4lsesj\u00f6n&quot;,&quot;description&quot;:&quot;&quot;,&quot;popUpOpen&quot;:false,&quot;popUpMaxWidth&quot;:&quot;250&quot;,&quot;bounce&quot;:false,&quot;coords&quot;:{&quot;lat&quot;:61.212968,&quot;lng&quot;:16.565262}}]\" class=\"wp-block-getwid-map google-maps-class\"><div style=\"height:840px\" class=\"wp-block-getwid-map__container\"><\/div><ul class=\"wp-block-getwid-map__points\"><li><a href=\"https:\/\/maps.google.com\/?q=61.212968,16.565262&amp;ll=61.212968,16.565262&amp;z=5\">B\u00e4lsesj\u00f6n<\/a><\/li><\/ul><\/div>\n<\/div>\n\n\n\n<div class=\"wp-block-column is-layout-flow wp-block-column-is-layout-flow\">\n<div class=\"wp-block-getwid-advanced-heading is-style-default has-custom-font-size\" style=\"font-size:16px;margin-bottom:0px\"><h3 class=\"wp-block-getwid-advanced-heading__content has-text-color has-gold-color\" style=\"text-transform:uppercase;letter-spacing:0em;padding-bottom:10px\">Med bil eller t\u00e5g\/buss fr\u00e5n stockholm<\/h3><\/div>\n\n\n\n<p>Bilresa p\u00e5 E4 fr\u00e5n Arlanda till Kilafors<br>K\u00f6rtid: ca. 2.5 timmar\/216km.<\/p>\n\n\n\n<p>Det finns bra t\u00e5g- (<a href=\"http:\/\/www.sj.se\/\">www.sj.se<\/a>) och bussf\u00f6rbindelser (<a href=\"http:\/\/www.mohlinsexpressbuss.se\/\">www.mohlinsexpressbuss.se<\/a>) fr\u00e5n Arlanda flygplats b\u00e5de till Kilafors och Bolln\u00e4s.<\/p>\n<\/div>\n<\/div>\n<\/div><\/div><\/div><\/div><\/div>\n","protected":false},"excerpt":{"rendered":"","protected":false},"author":1,"featured_media":1907,"parent":0,"menu_order":0,"comment_status":"closed","ping_status":"closed","template":"template-front-page.php","meta":{"inline_featured_image":false,"footnotes":""},"class_list":["post-2547","page","type-page","status-publish","has-post-thumbnail","hentry"],"yoast_head":"<!-- This site is optimized with the Yoast SEO plugin v26.2 - https:\/\/yoast.com\/wordpress\/plugins\/seo\/ -->\n<title>Home - B\u00e4lsesj\u00f6n<\/title>\n<meta name=\"robots\" content=\"index, follow, max-snippet:-1, max-image-preview:large, max-video-preview:-1\" \/>\n<link rel=\"canonical\" href=\"https:\/\/xn--blsesjn-5wa1o.com\/sv\/\" \/>\n<meta property=\"og:locale\" content=\"sv_SE\" \/>\n<meta property=\"og:type\" content=\"article\" \/>\n<meta property=\"og:title\" content=\"Home - B\u00e4lsesj\u00f6n\" \/>\n<meta property=\"og:url\" content=\"https:\/\/xn--blsesjn-5wa1o.com\/sv\/\" \/>\n<meta property=\"og:site_name\" content=\"B\u00e4lsesj\u00f6n\" \/>\n<meta property=\"article:modified_time\" content=\"2024-09-26T15:22:57+00:00\" \/>\n<meta property=\"og:image\" content=\"https:\/\/xn--blsesjn-5wa1o.com\/wp-content\/uploads\/2020\/07\/4-scaled-e1596014171434.jpg\" \/>\n\t<meta property=\"og:image:width\" content=\"500\" \/>\n\t<meta property=\"og:image:height\" content=\"500\" \/>\n\t<meta property=\"og:image:type\" content=\"image\/jpeg\" \/>\n<meta name=\"twitter:card\" content=\"summary_large_image\" \/>\n<meta name=\"twitter:label1\" content=\"Ber\u00e4knad l\u00e4stid\" \/>\n\t<meta name=\"twitter:data1\" content=\"2 minuter\" \/>\n<script type=\"application\/ld+json\" class=\"yoast-schema-graph\">{\"@context\":\"https:\/\/schema.org\",\"@graph\":[{\"@type\":\"WebPage\",\"@id\":\"https:\/\/xn--blsesjn-5wa1o.com\/sv\/\",\"url\":\"https:\/\/xn--blsesjn-5wa1o.com\/sv\/\",\"name\":\"Home - B\u00e4lsesj\u00f6n\",\"isPartOf\":{\"@id\":\"https:\/\/xn--blsesjn-5wa1o.com\/#website\"},\"primaryImageOfPage\":{\"@id\":\"https:\/\/xn--blsesjn-5wa1o.com\/sv\/#primaryimage\"},\"image\":{\"@id\":\"https:\/\/xn--blsesjn-5wa1o.com\/sv\/#primaryimage\"},\"thumbnailUrl\":\"https:\/\/xn--blsesjn-5wa1o.com\/wp-content\/uploads\/2020\/07\/4-scaled-e1596014171434.jpg\",\"datePublished\":\"2019-06-11T09:41:36+00:00\",\"dateModified\":\"2024-09-26T15:22:57+00:00\",\"breadcrumb\":{\"@id\":\"https:\/\/xn--blsesjn-5wa1o.com\/sv\/#breadcrumb\"},\"inLanguage\":\"sv-SE\",\"potentialAction\":[{\"@type\":\"ReadAction\",\"target\":[\"https:\/\/xn--blsesjn-5wa1o.com\/sv\/\"]}]},{\"@type\":\"ImageObject\",\"inLanguage\":\"sv-SE\",\"@id\":\"https:\/\/xn--blsesjn-5wa1o.com\/sv\/#primaryimage\",\"url\":\"https:\/\/xn--blsesjn-5wa1o.com\/wp-content\/uploads\/2020\/07\/4-scaled-e1596014171434.jpg\",\"contentUrl\":\"https:\/\/xn--blsesjn-5wa1o.com\/wp-content\/uploads\/2020\/07\/4-scaled-e1596014171434.jpg\",\"width\":500,\"height\":500},{\"@type\":\"BreadcrumbList\",\"@id\":\"https:\/\/xn--blsesjn-5wa1o.com\/sv\/#breadcrumb\",\"itemListElement\":[{\"@type\":\"ListItem\",\"position\":1,\"name\":\"Startseite\",\"item\":\"https:\/\/xn--blsesjn-5wa1o.com\/sv\/\"},{\"@type\":\"ListItem\",\"position\":2,\"name\":\"Home\"}]},{\"@type\":\"WebSite\",\"@id\":\"https:\/\/xn--blsesjn-5wa1o.com\/#website\",\"url\":\"https:\/\/xn--blsesjn-5wa1o.com\/\",\"name\":\"B\u00e4lsesj\u00f6n\",\"description\":\"Ferienhaus in Schweden am See\",\"potentialAction\":[{\"@type\":\"SearchAction\",\"target\":{\"@type\":\"EntryPoint\",\"urlTemplate\":\"https:\/\/xn--blsesjn-5wa1o.com\/?s={search_term_string}\"},\"query-input\":{\"@type\":\"PropertyValueSpecification\",\"valueRequired\":true,\"valueName\":\"search_term_string\"}}],\"inLanguage\":\"sv-SE\"}]}<\/script>\n<!-- \/ Yoast SEO plugin. -->","yoast_head_json":{"title":"Home - B\u00e4lsesj\u00f6n","robots":{"index":"index","follow":"follow","max-snippet":"max-snippet:-1","max-image-preview":"max-image-preview:large","max-video-preview":"max-video-preview:-1"},"canonical":"https:\/\/xn--blsesjn-5wa1o.com\/sv\/","og_locale":"sv_SE","og_type":"article","og_title":"Home - B\u00e4lsesj\u00f6n","og_url":"https:\/\/xn--blsesjn-5wa1o.com\/sv\/","og_site_name":"B\u00e4lsesj\u00f6n","article_modified_time":"2024-09-26T15:22:57+00:00","og_image":[{"width":500,"height":500,"url":"https:\/\/xn--blsesjn-5wa1o.com\/wp-content\/uploads\/2020\/07\/4-scaled-e1596014171434.jpg","type":"image\/jpeg"}],"twitter_card":"summary_large_image","twitter_misc":{"Ber\u00e4knad l\u00e4stid":"2 minuter"},"schema":{"@context":"https:\/\/schema.org","@graph":[{"@type":"WebPage","@id":"https:\/\/xn--blsesjn-5wa1o.com\/sv\/","url":"https:\/\/xn--blsesjn-5wa1o.com\/sv\/","name":"Home - B\u00e4lsesj\u00f6n","isPartOf":{"@id":"https:\/\/xn--blsesjn-5wa1o.com\/#website"},"primaryImageOfPage":{"@id":"https:\/\/xn--blsesjn-5wa1o.com\/sv\/#primaryimage"},"image":{"@id":"https:\/\/xn--blsesjn-5wa1o.com\/sv\/#primaryimage"},"thumbnailUrl":"https:\/\/xn--blsesjn-5wa1o.com\/wp-content\/uploads\/2020\/07\/4-scaled-e1596014171434.jpg","datePublished":"2019-06-11T09:41:36+00:00","dateModified":"2024-09-26T15:22:57+00:00","breadcrumb":{"@id":"https:\/\/xn--blsesjn-5wa1o.com\/sv\/#breadcrumb"},"inLanguage":"sv-SE","potentialAction":[{"@type":"ReadAction","target":["https:\/\/xn--blsesjn-5wa1o.com\/sv\/"]}]},{"@type":"ImageObject","inLanguage":"sv-SE","@id":"https:\/\/xn--blsesjn-5wa1o.com\/sv\/#primaryimage","url":"https:\/\/xn--blsesjn-5wa1o.com\/wp-content\/uploads\/2020\/07\/4-scaled-e1596014171434.jpg","contentUrl":"https:\/\/xn--blsesjn-5wa1o.com\/wp-content\/uploads\/2020\/07\/4-scaled-e1596014171434.jpg","width":500,"height":500},{"@type":"BreadcrumbList","@id":"https:\/\/xn--blsesjn-5wa1o.com\/sv\/#breadcrumb","itemListElement":[{"@type":"ListItem","position":1,"name":"Startseite","item":"https:\/\/xn--blsesjn-5wa1o.com\/sv\/"},{"@type":"ListItem","position":2,"name":"Home"}]},{"@type":"WebSite","@id":"https:\/\/xn--blsesjn-5wa1o.com\/#website","url":"https:\/\/xn--blsesjn-5wa1o.com\/","name":"B\u00e4lsesj\u00f6n","description":"Ferienhaus in Schweden am See","potentialAction":[{"@type":"SearchAction","target":{"@type":"EntryPoint","urlTemplate":"https:\/\/xn--blsesjn-5wa1o.com\/?s={search_term_string}"},"query-input":{"@type":"PropertyValueSpecification","valueRequired":true,"valueName":"search_term_string"}}],"inLanguage":"sv-SE"}]}},"_links":{"self":[{"href":"https:\/\/xn--blsesjn-5wa1o.com\/sv\/wp-json\/wp\/v2\/pages\/2547","targetHints":{"allow":["GET"]}}],"collection":[{"href":"https:\/\/xn--blsesjn-5wa1o.com\/sv\/wp-json\/wp\/v2\/pages"}],"about":[{"href":"https:\/\/xn--blsesjn-5wa1o.com\/sv\/wp-json\/wp\/v2\/types\/page"}],"author":[{"embeddable":true,"href":"https:\/\/xn--blsesjn-5wa1o.com\/sv\/wp-json\/wp\/v2\/users\/1"}],"replies":[{"embeddable":true,"href":"https:\/\/xn--blsesjn-5wa1o.com\/sv\/wp-json\/wp\/v2\/comments?post=2547"}],"version-history":[{"count":15,"href":"https:\/\/xn--blsesjn-5wa1o.com\/sv\/wp-json\/wp\/v2\/pages\/2547\/revisions"}],"predecessor-version":[{"id":3771,"href":"https:\/\/xn--blsesjn-5wa1o.com\/sv\/wp-json\/wp\/v2\/pages\/2547\/revisions\/3771"}],"wp:featuredmedia":[{"embeddable":true,"href":"https:\/\/xn--blsesjn-5wa1o.com\/sv\/wp-json\/wp\/v2\/media\/1907"}],"wp:attachment":[{"href":"https:\/\/xn--blsesjn-5wa1o.com\/sv\/wp-json\/wp\/v2\/media?parent=2547"}],"curies":[{"name":"wp","href":"https:\/\/api.w.org\/{rel}","templated":true}]}}