




{"id":2617,"date":"2021-09-30T09:46:37","date_gmt":"2021-09-30T09:46:37","guid":{"rendered":"https:\/\/xn--blsesjn-5wa1o.com\/naturen-runt-baelesjoen\/"},"modified":"2024-01-26T07:24:35","modified_gmt":"2024-01-26T07:24:35","slug":"naturen-runt-baelesjoen","status":"publish","type":"page","link":"https:\/\/xn--blsesjn-5wa1o.com\/sv\/naturen-runt-baelesjoen\/","title":{"rendered":"Naturen runt B\u00e4lsesj\u00f6n"},"content":{"rendered":"\n<div class=\"wp-block-columns is-layout-flex wp-container-core-columns-is-layout-9d6595d7 wp-block-columns-is-layout-flex\">\n<div class=\"wp-block-column is-layout-flow wp-block-column-is-layout-flow\"><\/div>\n\n\n\n<div class=\"wp-block-column is-vertically-aligned-center is-layout-flow wp-block-column-is-layout-flow\">\n<p class=\"has-large-font-size\">J\u00e4rvs\u00f6 djurpark <\/p>\n\n\n\n<p>Mycket trevlig djurpark!<\/p>\n\n\n\n<p><a href=\"http:\/\/www.jarvzoo.se\" target=\"_blank\" rel=\"noreferrer noopener\">www.jarvzoo.se<\/a><\/p>\n<\/div>\n<\/div>\n\n<div style=\"height:10px\" aria-hidden=\"true\" class=\"wp-block-spacer\"><\/div>\n\n<div class=\"wp-block-columns is-layout-flex wp-container-core-columns-is-layout-9d6595d7 wp-block-columns-is-layout-flex\">\n<div class=\"wp-block-column is-layout-flow wp-block-column-is-layout-flow\">\n<figure class=\"wp-block-image size-large\"><img loading=\"lazy\" decoding=\"async\" width=\"1024\" height=\"573\" src=\"https:\/\/xn--blsesjn-5wa1o.com\/wp-content\/uploads\/2021\/09\/Stenegar-1024x573.jpg\" alt=\"\" class=\"wp-image-2335\" srcset=\"https:\/\/xn--blsesjn-5wa1o.com\/wp-content\/uploads\/2021\/09\/Stenegar-1024x573.jpg 1024w, https:\/\/xn--blsesjn-5wa1o.com\/wp-content\/uploads\/2021\/09\/Stenegar-300x168.jpg 300w, https:\/\/xn--blsesjn-5wa1o.com\/wp-content\/uploads\/2021\/09\/Stenegar-768x430.jpg 768w, https:\/\/xn--blsesjn-5wa1o.com\/wp-content\/uploads\/2021\/09\/Stenegar.jpg 1083w\" sizes=\"auto, (max-width: 1024px) 100vw, 1024px\" \/><\/figure>\n<\/div>\n\n\n\n<div class=\"wp-block-column is-vertically-aligned-center is-layout-flow wp-block-column-is-layout-flow\">\n<p class=\"has-large-font-size\">Stenegar i J\u00e4rvs\u00f6<\/p>\n\n\n\n<p>N\u00e4stan varje s\u00f6ndag p\u00e5 sommaren h\u00e5lls en auktion. Vacker park f\u00f6r promenader, linnevaror, aff\u00e4rer, caf\u00e9, keramik, \u00f6rter. <\/p>\n\n\n\n<p><a href=\"http:\/\/www.stenegard.com\" target=\"_blank\" rel=\"noreferrer noopener\">www.stenegard.com<\/a> <\/p>\n<\/div>\n<\/div>\n\n<div style=\"height:10px\" aria-hidden=\"true\" class=\"wp-block-spacer\"><\/div>\n\n<div class=\"wp-block-columns is-layout-flex wp-container-core-columns-is-layout-9d6595d7 wp-block-columns-is-layout-flex\">\n<div class=\"wp-block-column is-layout-flow wp-block-column-is-layout-flow\">\n<figure class=\"wp-block-image size-large\"><img loading=\"lazy\" decoding=\"async\" width=\"1024\" height=\"573\" src=\"https:\/\/xn--blsesjn-5wa1o.com\/wp-content\/uploads\/2021\/09\/Wandern_Nationalpark-1024x573.jpg\" alt=\"\" class=\"wp-image-2339\" srcset=\"https:\/\/xn--blsesjn-5wa1o.com\/wp-content\/uploads\/2021\/09\/Wandern_Nationalpark-1024x573.jpg 1024w, https:\/\/xn--blsesjn-5wa1o.com\/wp-content\/uploads\/2021\/09\/Wandern_Nationalpark-300x168.jpg 300w, https:\/\/xn--blsesjn-5wa1o.com\/wp-content\/uploads\/2021\/09\/Wandern_Nationalpark-768x430.jpg 768w, https:\/\/xn--blsesjn-5wa1o.com\/wp-content\/uploads\/2021\/09\/Wandern_Nationalpark.jpg 1083w\" sizes=\"auto, (max-width: 1024px) 100vw, 1024px\" \/><\/figure>\n<\/div>\n\n\n\n<div class=\"wp-block-column is-vertically-aligned-center is-layout-flow wp-block-column-is-layout-flow\">\n<p class=\"has-large-font-size\">Vandring i nationalparken<\/p>\n\n\n\n<p>H\u00f6llik n\u00e4ra Hudiksvall<\/p>\n\n\n\n<p><a href=\"http:\/\/www.alltrails.com\/de\/trail\/sweden\/gavleborg\/holick-vandringsleden\" target=\"_blank\" rel=\"noreferrer noopener\">www.alltrails.com<\/a><\/p>\n<\/div>\n<\/div>\n\n<div style=\"height:10px\" aria-hidden=\"true\" class=\"wp-block-spacer\"><\/div>\n\n<div class=\"wp-block-columns is-layout-flex wp-container-core-columns-is-layout-9d6595d7 wp-block-columns-is-layout-flex\">\n<div class=\"wp-block-column is-layout-flow wp-block-column-is-layout-flow\">\n<figure class=\"wp-block-image size-large\"><img loading=\"lazy\" decoding=\"async\" width=\"1024\" height=\"573\" src=\"https:\/\/xn--blsesjn-5wa1o.com\/wp-content\/uploads\/2021\/09\/Besuch_Stadt_Soederhamn-1024x573.jpg\" alt=\"\" class=\"wp-image-2343\" srcset=\"https:\/\/xn--blsesjn-5wa1o.com\/wp-content\/uploads\/2021\/09\/Besuch_Stadt_Soederhamn-1024x573.jpg 1024w, https:\/\/xn--blsesjn-5wa1o.com\/wp-content\/uploads\/2021\/09\/Besuch_Stadt_Soederhamn-300x168.jpg 300w, https:\/\/xn--blsesjn-5wa1o.com\/wp-content\/uploads\/2021\/09\/Besuch_Stadt_Soederhamn-768x430.jpg 768w, https:\/\/xn--blsesjn-5wa1o.com\/wp-content\/uploads\/2021\/09\/Besuch_Stadt_Soederhamn.jpg 1083w\" sizes=\"auto, (max-width: 1024px) 100vw, 1024px\" \/><\/figure>\n<\/div>\n\n\n\n<div class=\"wp-block-column is-vertically-aligned-center is-layout-flow wp-block-column-is-layout-flow\">\n<p class=\"has-large-font-size\">Bes\u00f6k staden S\u00f6derhamn<\/p>\n\n\n\n<p>Bel\u00e4get vid havet, med ett trevligt k\u00f6pcentrum.<\/p>\n<\/div>\n<\/div>\n\n<div style=\"height:10px\" aria-hidden=\"true\" class=\"wp-block-spacer\"><\/div>\n\n<div class=\"wp-block-columns is-layout-flex wp-container-core-columns-is-layout-9d6595d7 wp-block-columns-is-layout-flex\">\n<div class=\"wp-block-column is-layout-flow wp-block-column-is-layout-flow\"><\/div>\n\n\n\n<div class=\"wp-block-column is-vertically-aligned-center is-layout-flow wp-block-column-is-layout-flow\">\n<p class=\"has-large-font-size\">V\u00e4xbo Lin linnefabrik, fabriksbutik<\/p>\n\n\n\n<p>Utst\u00e4llning och f\u00f6rs\u00e4ljning av hantverk och design av h\u00f6g kvalitet samt vackra smycken och snygga kl\u00e4der. V\u00e4xbo Lin\/Flax, fabriksbutik och Keramik, smedja, caf\u00e9, bageri och gourmetrestaurang. <\/p>\n\n\n\n<p><a href=\"http:\/\/www.vaxbolin.se\" target=\"_blank\" rel=\"noreferrer noopener\">www.vaxbolin.se<\/a> <\/p>\n<\/div>\n<\/div>\n\n<div style=\"height:10px\" aria-hidden=\"true\" class=\"wp-block-spacer\"><\/div>\n\n<div class=\"wp-block-columns is-layout-flex wp-container-core-columns-is-layout-9d6595d7 wp-block-columns-is-layout-flex\">\n<div class=\"wp-block-column is-layout-flow wp-block-column-is-layout-flow\">\n<figure class=\"wp-block-image size-full\"><img loading=\"lazy\" decoding=\"async\" width=\"1024\" height=\"573\" src=\"https:\/\/xn--blsesjn-5wa1o.com\/wp-content\/uploads\/2021\/11\/Lilla_ks.jpg\" alt=\"\" class=\"wp-image-3067\" srcset=\"https:\/\/xn--blsesjn-5wa1o.com\/wp-content\/uploads\/2021\/11\/Lilla_ks.jpg 1024w, https:\/\/xn--blsesjn-5wa1o.com\/wp-content\/uploads\/2021\/11\/Lilla_ks-300x168.jpg 300w, https:\/\/xn--blsesjn-5wa1o.com\/wp-content\/uploads\/2021\/11\/Lilla_ks-768x430.jpg 768w\" sizes=\"auto, (max-width: 1024px) 100vw, 1024px\" \/><\/figure>\n<\/div>\n\n\n\n<div class=\"wp-block-column is-vertically-aligned-center is-layout-flow wp-block-column-is-layout-flow\">\n<p class=\"has-large-font-size\">Mobackes Tr\u00e4dg\u00e5rdscenter och Lilla k&#8217;s Tr\u00e4dg\u00e5rdsk\u00f6k<\/p>\n\n\n\n<p>L\u00e5t dig inspireras av de vackra f\u00f6rem\u00e5len och utst\u00e4llningsomr\u00e5dena. Tr\u00e4dg\u00e5rdscaf\u00e9et och restaurangen rekommenderas varmt!<\/p>\n\n\n\n<p><a href=\"http:\/\/www.mobackes.se\" target=\"_blank\" rel=\"noreferrer noopener\">www.mobackes.se<\/a> \/ <a href=\"http:\/\/www.lillak.com\" target=\"_blank\" rel=\"noreferrer noopener\">www.lillak.com<\/a>  <\/p>\n<\/div>\n<\/div>\n\n<div style=\"height:10px\" aria-hidden=\"true\" class=\"wp-block-spacer\"><\/div>\n\n<div class=\"wp-block-columns is-layout-flex wp-container-core-columns-is-layout-9d6595d7 wp-block-columns-is-layout-flex\">\n<div class=\"wp-block-column is-layout-flow wp-block-column-is-layout-flow\">\n<figure class=\"wp-block-image size-large\"><img loading=\"lazy\" decoding=\"async\" width=\"1024\" height=\"573\" src=\"https:\/\/xn--blsesjn-5wa1o.com\/wp-content\/uploads\/2021\/09\/Hausberg-1024x573.jpg\" alt=\"\" class=\"wp-image-2347\" srcset=\"https:\/\/xn--blsesjn-5wa1o.com\/wp-content\/uploads\/2021\/09\/Hausberg-1024x573.jpg 1024w, https:\/\/xn--blsesjn-5wa1o.com\/wp-content\/uploads\/2021\/09\/Hausberg-300x168.jpg 300w, https:\/\/xn--blsesjn-5wa1o.com\/wp-content\/uploads\/2021\/09\/Hausberg-768x430.jpg 768w, https:\/\/xn--blsesjn-5wa1o.com\/wp-content\/uploads\/2021\/09\/Hausberg.jpg 1083w\" sizes=\"auto, (max-width: 1024px) 100vw, 1024px\" \/><\/figure>\n<\/div>\n\n\n\n<div class=\"wp-block-column is-vertically-aligned-center is-layout-flow wp-block-column-is-layout-flow\">\n<p class=\"has-large-font-size\">Vandra upp p\u00e5 v\u00e5rt lokala berg<\/p>\n\n\n\n<p>Njut av utsikten \u00f6ver sj\u00f6n och landsbygden. Med lite tur f\u00e5r du se &#8221;v\u00e5r&#8221; \u00e4lg. <\/p>\n<\/div>\n<\/div>\n\n<div style=\"height:10px\" aria-hidden=\"true\" class=\"wp-block-spacer\"><\/div>\n\n<div class=\"wp-block-columns is-layout-flex wp-container-core-columns-is-layout-9d6595d7 wp-block-columns-is-layout-flex\">\n<div class=\"wp-block-column is-layout-flow wp-block-column-is-layout-flow\">\n<figure class=\"wp-block-image size-large\"><img loading=\"lazy\" decoding=\"async\" width=\"1024\" height=\"573\" src=\"https:\/\/xn--blsesjn-5wa1o.com\/wp-content\/uploads\/2021\/09\/Wandern_See-1024x573.jpg\" alt=\"\" class=\"wp-image-2351\" srcset=\"https:\/\/xn--blsesjn-5wa1o.com\/wp-content\/uploads\/2021\/09\/Wandern_See-1024x573.jpg 1024w, https:\/\/xn--blsesjn-5wa1o.com\/wp-content\/uploads\/2021\/09\/Wandern_See-300x168.jpg 300w, https:\/\/xn--blsesjn-5wa1o.com\/wp-content\/uploads\/2021\/09\/Wandern_See-768x430.jpg 768w, https:\/\/xn--blsesjn-5wa1o.com\/wp-content\/uploads\/2021\/09\/Wandern_See.jpg 1083w\" sizes=\"auto, (max-width: 1024px) 100vw, 1024px\" \/><\/figure>\n<\/div>\n\n\n\n<div class=\"wp-block-column is-vertically-aligned-center is-layout-flow wp-block-column-is-layout-flow\">\n<p class=\"has-large-font-size\">Promenera runt v\u00e5r sj\u00f6<\/p>\n\n\n\n<p>Tids\u00e5tg\u00e5ng ca. 1.1\/4h<\/p>\n<\/div>\n<\/div>\n\n<div style=\"height:10px\" aria-hidden=\"true\" class=\"wp-block-spacer\"><\/div>\n\n<div class=\"wp-block-columns is-layout-flex wp-container-core-columns-is-layout-9d6595d7 wp-block-columns-is-layout-flex\">\n<div class=\"wp-block-column is-layout-flow wp-block-column-is-layout-flow\">\n<div class=\"wp-block-getwid-images-slider has-arrows-none has-dots-inside has-images-center has-cropped-images\"><div class=\"wp-block-getwid-images-slider__wrapper\" data-effect=\"slide\" data-slides-show=\"1\" data-slides-show-laptop=\"1\" data-slides-show-tablet=\"1\" data-slides-show-mobile=\"1\" data-slides-scroll=\"1\" data-autoplay=\"false\" data-autoplay-speed=\"6000\" data-infinite=\"true\" data-animation-speed=\"800\" data-center-mode=\"false\" data-variable-width=\"false\" data-arrows=\"none\" data-dots=\"inside\" data-spacing=\"none\"><div class=\"wp-block-getwid-images-slider__item\"><figure><img loading=\"lazy\" decoding=\"async\" width=\"1594\" height=\"896\" src=\"https:\/\/xn--blsesjn-5wa1o.com\/wp-content\/uploads\/2020\/08\/20160107_123826.jpg\" data-id=\"2811\" data-link=\"https:\/\/xn--blsesjn-5wa1o.com\/rl_gallery\/fotogalerie\/20160107_123826\/\" data-original-link=\"https:\/\/xn--blsesjn-5wa1o.com\/wp-content\/uploads\/2020\/08\/20160107_123826.jpg\" class=\"wp-block-getwid-images-slider__image wp-image-2811\" srcset=\"https:\/\/xn--blsesjn-5wa1o.com\/wp-content\/uploads\/2020\/08\/20160107_123826.jpg 1594w, https:\/\/xn--blsesjn-5wa1o.com\/wp-content\/uploads\/2020\/08\/20160107_123826-300x169.jpg 300w, https:\/\/xn--blsesjn-5wa1o.com\/wp-content\/uploads\/2020\/08\/20160107_123826-1024x576.jpg 1024w, https:\/\/xn--blsesjn-5wa1o.com\/wp-content\/uploads\/2020\/08\/20160107_123826-768x432.jpg 768w, https:\/\/xn--blsesjn-5wa1o.com\/wp-content\/uploads\/2020\/08\/20160107_123826-1536x863.jpg 1536w, https:\/\/xn--blsesjn-5wa1o.com\/wp-content\/uploads\/2020\/08\/20160107_123826-1170x658.jpg 1170w\" sizes=\"auto, (max-width: 1594px) 100vw, 1594px\" \/><\/figure><\/div><div class=\"wp-block-getwid-images-slider__item\"><figure><img loading=\"lazy\" decoding=\"async\" width=\"1594\" height=\"896\" src=\"https:\/\/xn--blsesjn-5wa1o.com\/wp-content\/uploads\/2021\/10\/Schlittschuh_2.jpg\" data-id=\"2974\" data-link=\"https:\/\/xn--blsesjn-5wa1o.com\/natur\/schlittschuh_2\/\" data-original-link=\"https:\/\/xn--blsesjn-5wa1o.com\/wp-content\/uploads\/2021\/10\/Schlittschuh_2.jpg\" class=\"wp-block-getwid-images-slider__image wp-image-2974\" srcset=\"https:\/\/xn--blsesjn-5wa1o.com\/wp-content\/uploads\/2021\/10\/Schlittschuh_2.jpg 1594w, https:\/\/xn--blsesjn-5wa1o.com\/wp-content\/uploads\/2021\/10\/Schlittschuh_2-300x169.jpg 300w, https:\/\/xn--blsesjn-5wa1o.com\/wp-content\/uploads\/2021\/10\/Schlittschuh_2-1024x576.jpg 1024w, https:\/\/xn--blsesjn-5wa1o.com\/wp-content\/uploads\/2021\/10\/Schlittschuh_2-768x432.jpg 768w, https:\/\/xn--blsesjn-5wa1o.com\/wp-content\/uploads\/2021\/10\/Schlittschuh_2-1536x863.jpg 1536w, https:\/\/xn--blsesjn-5wa1o.com\/wp-content\/uploads\/2021\/10\/Schlittschuh_2-1170x658.jpg 1170w\" sizes=\"auto, (max-width: 1594px) 100vw, 1594px\" \/><\/figure><\/div><\/div><\/div>\n<\/div>\n\n\n\n<div class=\"wp-block-column is-vertically-aligned-center is-layout-flow wp-block-column-is-layout-flow\">\n<p class=\"has-large-font-size\"><meta charset=\"utf-8\"\/>Skridsko\u00e5kning p\u00e5 v\u00e5r sj\u00f6<\/p>\n<\/div>\n<\/div>\n\n<div style=\"height:10px\" aria-hidden=\"true\" class=\"wp-block-spacer\"><\/div>\n\n<div class=\"wp-block-columns is-layout-flex wp-container-core-columns-is-layout-9d6595d7 wp-block-columns-is-layout-flex\">\n<div class=\"wp-block-column is-layout-flow wp-block-column-is-layout-flow\"><\/div>\n\n\n\n<div class=\"wp-block-column is-vertically-aligned-center is-layout-flow wp-block-column-is-layout-flow\">\n<p class=\"has-large-font-size\">Antikviteter och loppmarknader<\/p>\n\n\n\n<p>Uppt\u00e4ck de m\u00e5nga sp\u00e4nnande loppmarknaderna, antikaff\u00e4rerna, secondhandbutikerna och auktionerna i omr\u00e5det. Stora fynd garanteras!<\/p>\n<\/div>\n<\/div>\n\n<div style=\"height:10px\" aria-hidden=\"true\" class=\"wp-block-spacer\"><\/div>\n\n<div class=\"wp-block-columns is-layout-flex wp-container-core-columns-is-layout-9d6595d7 wp-block-columns-is-layout-flex\">\n<div class=\"wp-block-column is-layout-flow wp-block-column-is-layout-flow\"><\/div>\n\n\n\n<div class=\"wp-block-column is-vertically-aligned-center is-layout-flow wp-block-column-is-layout-flow\">\n<p class=\"has-large-font-size\">Bowling<\/p>\n\n\n\n<p>P\u00e5 H\u00e4ggesta. Bolln\u00e4s Bowlingklubb (MIO M\u00f6bler-byggnaden \/ 1:a v\u00e5ningen) har \u00e5tta datorstyrda bowlingbanor.<\/p>\n\n\n\n<p><a href=\"http:\/\/www.facebook.com\/bollnasbowling\" target=\"_blank\" rel=\"noreferrer noopener\">www.facebook.com\/bollnasbowling<\/a>  <\/p>\n<\/div>\n<\/div>\n\n<div style=\"height:10px\" aria-hidden=\"true\" class=\"wp-block-spacer\"><\/div>\n\n<p class=\"has-text-align-left\">Broschyrer med olika f\u00f6rslag p\u00e5 utflykter finns tillg\u00e4ngliga i g\u00e4sthuset.<\/p>\n\n<p>Vi hj\u00e4lper dig g\u00e4rna.<\/p>\n","protected":false},"excerpt":{"rendered":"<p>J\u00e4rvs\u00f6 djurpark Mycket trevlig djurpark! www.jarvzoo.se Stenegar i J\u00e4rvs\u00f6 N\u00e4stan varje s\u00f6ndag p\u00e5 sommaren h\u00e5lls en auktion. Vacker park f\u00f6r promenader, linnevaror, aff\u00e4rer, caf\u00e9, keramik, \u00f6rter. www.stenegard.com Vandring i nationalparken H\u00f6llik n\u00e4ra Hudiksvall www.alltrails.com Bes\u00f6k staden S\u00f6derhamn Bel\u00e4get vid havet, med ett trevligt k\u00f6pcentrum. V\u00e4xbo Lin linnefabrik, fabriksbutik Utst\u00e4llning och f\u00f6rs\u00e4ljning av hantverk och design [&hellip;]<\/p>\n","protected":false},"author":1,"featured_media":0,"parent":0,"menu_order":0,"comment_status":"closed","ping_status":"closed","template":"template-front-page.php","meta":{"inline_featured_image":false,"footnotes":""},"class_list":["post-2617","page","type-page","status-publish","hentry"],"yoast_head":"<!-- This site is optimized with the Yoast SEO plugin v26.2 - https:\/\/yoast.com\/wordpress\/plugins\/seo\/ -->\n<title>Naturen runt B\u00e4lsesj\u00f6n - B\u00e4lsesj\u00f6n<\/title>\n<meta name=\"robots\" content=\"index, follow, max-snippet:-1, max-image-preview:large, max-video-preview:-1\" \/>\n<link rel=\"canonical\" href=\"https:\/\/xn--blsesjn-5wa1o.com\/sv\/naturen-runt-baelesjoen\/\" \/>\n<meta property=\"og:locale\" content=\"sv_SE\" \/>\n<meta property=\"og:type\" content=\"article\" \/>\n<meta property=\"og:title\" content=\"Naturen runt B\u00e4lsesj\u00f6n - B\u00e4lsesj\u00f6n\" \/>\n<meta property=\"og:description\" content=\"J\u00e4rvs\u00f6 djurpark Mycket trevlig djurpark! www.jarvzoo.se Stenegar i J\u00e4rvs\u00f6 N\u00e4stan varje s\u00f6ndag p\u00e5 sommaren h\u00e5lls en auktion. Vacker park f\u00f6r promenader, linnevaror, aff\u00e4rer, caf\u00e9, keramik, \u00f6rter. www.stenegard.com Vandring i nationalparken H\u00f6llik n\u00e4ra Hudiksvall www.alltrails.com Bes\u00f6k staden S\u00f6derhamn Bel\u00e4get vid havet, med ett trevligt k\u00f6pcentrum. V\u00e4xbo Lin linnefabrik, fabriksbutik Utst\u00e4llning och f\u00f6rs\u00e4ljning av hantverk och design [&hellip;]\" \/>\n<meta property=\"og:url\" content=\"https:\/\/xn--blsesjn-5wa1o.com\/sv\/naturen-runt-baelesjoen\/\" \/>\n<meta property=\"og:site_name\" content=\"B\u00e4lsesj\u00f6n\" \/>\n<meta property=\"article:modified_time\" content=\"2024-01-26T07:24:35+00:00\" \/>\n<meta property=\"og:image\" content=\"https:\/\/xn--blsesjn-5wa1o.com\/wp-content\/uploads\/2021\/09\/Stenegar-1024x573.jpg\" \/>\n<meta name=\"twitter:card\" content=\"summary_large_image\" \/>\n<meta name=\"twitter:label1\" content=\"Ber\u00e4knad l\u00e4stid\" \/>\n\t<meta name=\"twitter:data1\" content=\"1 minut\" \/>\n<script type=\"application\/ld+json\" class=\"yoast-schema-graph\">{\"@context\":\"https:\/\/schema.org\",\"@graph\":[{\"@type\":\"WebPage\",\"@id\":\"https:\/\/xn--blsesjn-5wa1o.com\/sv\/naturen-runt-baelesjoen\/\",\"url\":\"https:\/\/xn--blsesjn-5wa1o.com\/sv\/naturen-runt-baelesjoen\/\",\"name\":\"Naturen runt B\u00e4lsesj\u00f6n - B\u00e4lsesj\u00f6n\",\"isPartOf\":{\"@id\":\"https:\/\/xn--blsesjn-5wa1o.com\/#website\"},\"primaryImageOfPage\":{\"@id\":\"https:\/\/xn--blsesjn-5wa1o.com\/sv\/naturen-runt-baelesjoen\/#primaryimage\"},\"image\":{\"@id\":\"https:\/\/xn--blsesjn-5wa1o.com\/sv\/naturen-runt-baelesjoen\/#primaryimage\"},\"thumbnailUrl\":\"https:\/\/xn--blsesjn-5wa1o.com\/wp-content\/uploads\/2021\/09\/Stenegar-1024x573.jpg\",\"datePublished\":\"2021-09-30T09:46:37+00:00\",\"dateModified\":\"2024-01-26T07:24:35+00:00\",\"breadcrumb\":{\"@id\":\"https:\/\/xn--blsesjn-5wa1o.com\/sv\/naturen-runt-baelesjoen\/#breadcrumb\"},\"inLanguage\":\"sv-SE\",\"potentialAction\":[{\"@type\":\"ReadAction\",\"target\":[\"https:\/\/xn--blsesjn-5wa1o.com\/sv\/naturen-runt-baelesjoen\/\"]}]},{\"@type\":\"ImageObject\",\"inLanguage\":\"sv-SE\",\"@id\":\"https:\/\/xn--blsesjn-5wa1o.com\/sv\/naturen-runt-baelesjoen\/#primaryimage\",\"url\":\"https:\/\/xn--blsesjn-5wa1o.com\/wp-content\/uploads\/2021\/09\/Stenegar-1024x573.jpg\",\"contentUrl\":\"https:\/\/xn--blsesjn-5wa1o.com\/wp-content\/uploads\/2021\/09\/Stenegar-1024x573.jpg\"},{\"@type\":\"BreadcrumbList\",\"@id\":\"https:\/\/xn--blsesjn-5wa1o.com\/sv\/naturen-runt-baelesjoen\/#breadcrumb\",\"itemListElement\":[{\"@type\":\"ListItem\",\"position\":1,\"name\":\"Startseite\",\"item\":\"https:\/\/xn--blsesjn-5wa1o.com\/sv\/\"},{\"@type\":\"ListItem\",\"position\":2,\"name\":\"Naturen runt B\u00e4lsesj\u00f6n\"}]},{\"@type\":\"WebSite\",\"@id\":\"https:\/\/xn--blsesjn-5wa1o.com\/#website\",\"url\":\"https:\/\/xn--blsesjn-5wa1o.com\/\",\"name\":\"B\u00e4lsesj\u00f6n\",\"description\":\"Ferienhaus in Schweden am See\",\"potentialAction\":[{\"@type\":\"SearchAction\",\"target\":{\"@type\":\"EntryPoint\",\"urlTemplate\":\"https:\/\/xn--blsesjn-5wa1o.com\/?s={search_term_string}\"},\"query-input\":{\"@type\":\"PropertyValueSpecification\",\"valueRequired\":true,\"valueName\":\"search_term_string\"}}],\"inLanguage\":\"sv-SE\"}]}<\/script>\n<!-- \/ Yoast SEO plugin. -->","yoast_head_json":{"title":"Naturen runt B\u00e4lsesj\u00f6n - B\u00e4lsesj\u00f6n","robots":{"index":"index","follow":"follow","max-snippet":"max-snippet:-1","max-image-preview":"max-image-preview:large","max-video-preview":"max-video-preview:-1"},"canonical":"https:\/\/xn--blsesjn-5wa1o.com\/sv\/naturen-runt-baelesjoen\/","og_locale":"sv_SE","og_type":"article","og_title":"Naturen runt B\u00e4lsesj\u00f6n - B\u00e4lsesj\u00f6n","og_description":"J\u00e4rvs\u00f6 djurpark Mycket trevlig djurpark! www.jarvzoo.se Stenegar i J\u00e4rvs\u00f6 N\u00e4stan varje s\u00f6ndag p\u00e5 sommaren h\u00e5lls en auktion. Vacker park f\u00f6r promenader, linnevaror, aff\u00e4rer, caf\u00e9, keramik, \u00f6rter. www.stenegard.com Vandring i nationalparken H\u00f6llik n\u00e4ra Hudiksvall www.alltrails.com Bes\u00f6k staden S\u00f6derhamn Bel\u00e4get vid havet, med ett trevligt k\u00f6pcentrum. V\u00e4xbo Lin linnefabrik, fabriksbutik Utst\u00e4llning och f\u00f6rs\u00e4ljning av hantverk och design [&hellip;]","og_url":"https:\/\/xn--blsesjn-5wa1o.com\/sv\/naturen-runt-baelesjoen\/","og_site_name":"B\u00e4lsesj\u00f6n","article_modified_time":"2024-01-26T07:24:35+00:00","og_image":[{"url":"https:\/\/xn--blsesjn-5wa1o.com\/wp-content\/uploads\/2021\/09\/Stenegar-1024x573.jpg","type":"","width":"","height":""}],"twitter_card":"summary_large_image","twitter_misc":{"Ber\u00e4knad l\u00e4stid":"1 minut"},"schema":{"@context":"https:\/\/schema.org","@graph":[{"@type":"WebPage","@id":"https:\/\/xn--blsesjn-5wa1o.com\/sv\/naturen-runt-baelesjoen\/","url":"https:\/\/xn--blsesjn-5wa1o.com\/sv\/naturen-runt-baelesjoen\/","name":"Naturen runt B\u00e4lsesj\u00f6n - B\u00e4lsesj\u00f6n","isPartOf":{"@id":"https:\/\/xn--blsesjn-5wa1o.com\/#website"},"primaryImageOfPage":{"@id":"https:\/\/xn--blsesjn-5wa1o.com\/sv\/naturen-runt-baelesjoen\/#primaryimage"},"image":{"@id":"https:\/\/xn--blsesjn-5wa1o.com\/sv\/naturen-runt-baelesjoen\/#primaryimage"},"thumbnailUrl":"https:\/\/xn--blsesjn-5wa1o.com\/wp-content\/uploads\/2021\/09\/Stenegar-1024x573.jpg","datePublished":"2021-09-30T09:46:37+00:00","dateModified":"2024-01-26T07:24:35+00:00","breadcrumb":{"@id":"https:\/\/xn--blsesjn-5wa1o.com\/sv\/naturen-runt-baelesjoen\/#breadcrumb"},"inLanguage":"sv-SE","potentialAction":[{"@type":"ReadAction","target":["https:\/\/xn--blsesjn-5wa1o.com\/sv\/naturen-runt-baelesjoen\/"]}]},{"@type":"ImageObject","inLanguage":"sv-SE","@id":"https:\/\/xn--blsesjn-5wa1o.com\/sv\/naturen-runt-baelesjoen\/#primaryimage","url":"https:\/\/xn--blsesjn-5wa1o.com\/wp-content\/uploads\/2021\/09\/Stenegar-1024x573.jpg","contentUrl":"https:\/\/xn--blsesjn-5wa1o.com\/wp-content\/uploads\/2021\/09\/Stenegar-1024x573.jpg"},{"@type":"BreadcrumbList","@id":"https:\/\/xn--blsesjn-5wa1o.com\/sv\/naturen-runt-baelesjoen\/#breadcrumb","itemListElement":[{"@type":"ListItem","position":1,"name":"Startseite","item":"https:\/\/xn--blsesjn-5wa1o.com\/sv\/"},{"@type":"ListItem","position":2,"name":"Naturen runt B\u00e4lsesj\u00f6n"}]},{"@type":"WebSite","@id":"https:\/\/xn--blsesjn-5wa1o.com\/#website","url":"https:\/\/xn--blsesjn-5wa1o.com\/","name":"B\u00e4lsesj\u00f6n","description":"Ferienhaus in Schweden am See","potentialAction":[{"@type":"SearchAction","target":{"@type":"EntryPoint","urlTemplate":"https:\/\/xn--blsesjn-5wa1o.com\/?s={search_term_string}"},"query-input":{"@type":"PropertyValueSpecification","valueRequired":true,"valueName":"search_term_string"}}],"inLanguage":"sv-SE"}]}},"_links":{"self":[{"href":"https:\/\/xn--blsesjn-5wa1o.com\/sv\/wp-json\/wp\/v2\/pages\/2617","targetHints":{"allow":["GET"]}}],"collection":[{"href":"https:\/\/xn--blsesjn-5wa1o.com\/sv\/wp-json\/wp\/v2\/pages"}],"about":[{"href":"https:\/\/xn--blsesjn-5wa1o.com\/sv\/wp-json\/wp\/v2\/types\/page"}],"author":[{"embeddable":true,"href":"https:\/\/xn--blsesjn-5wa1o.com\/sv\/wp-json\/wp\/v2\/users\/1"}],"replies":[{"embeddable":true,"href":"https:\/\/xn--blsesjn-5wa1o.com\/sv\/wp-json\/wp\/v2\/comments?post=2617"}],"version-history":[{"count":7,"href":"https:\/\/xn--blsesjn-5wa1o.com\/sv\/wp-json\/wp\/v2\/pages\/2617\/revisions"}],"predecessor-version":[{"id":3538,"href":"https:\/\/xn--blsesjn-5wa1o.com\/sv\/wp-json\/wp\/v2\/pages\/2617\/revisions\/3538"}],"wp:attachment":[{"href":"https:\/\/xn--blsesjn-5wa1o.com\/sv\/wp-json\/wp\/v2\/media?parent=2617"}],"curies":[{"name":"wp","href":"https:\/\/api.w.org\/{rel}","templated":true}]}}